{"id":5113,"date":"2025-12-19T12:54:17","date_gmt":"2025-12-19T12:54:17","guid":{"rendered":"https:\/\/erfolg.lv\/?page_id=5113"},"modified":"2025-12-19T12:54:18","modified_gmt":"2025-12-19T12:54:18","slug":"mach-mit-bei-erfolg","status":"publish","type":"page","link":"https:\/\/erfolg.lv\/?page_id=5113&lang=de","title":{"rendered":"Mach mit bei ERFOLG"},"content":{"rendered":"\n<p>&#x1f499;&nbsp;<strong>Vielen Dank, dass Sie uns unterst\u00fctzen und die Arbeit des Vereins ERFOLG mittragen!<\/strong><br>Dank Ihrer Unterst\u00fctzung k\u00f6nnen wir kulturelle, Bildungs- und Sozialprojekte umsetzen, Menschen zusammenbringen und eine aktive Gemeinschaft in Daugavpils und dar\u00fcber hinaus aufbauen.<\/p>\n\n\n\n<p>&#x1f91d;&nbsp;<strong>M\u00f6chten Sie Mitglied des Vereins ERFOLG werden?<\/strong><br>Das ist ganz einfach \u2013 und Ihr Beitrag hat eine echte Bedeutung.<\/p>\n\n\n\n<h3>&#x1f539; Wie wird man Mitglied bei ERFOLG:<\/h3>\n\n\n\n<p><strong>F\u00fcllen Sie das Anmeldeformular<\/strong>&nbsp;\u00fcber den folgenden Link aus:<br>&#x1f449;&nbsp;<a href=\"https:\/\/ej.uz\/erfolgbiedri\" target=\"_blank\" rel=\"noreferrer noopener\">https:\/\/ej.uz\/erfolgbiedri<\/a><\/p>\n\n\n\n<p><strong>Zahlen Sie den Mitgliedsbeitrag:<\/strong><\/p>\n\n\n\n<ul>\n<li>Aufnahmegeb\u00fchr \u2014&nbsp;<strong>5 \u20ac<\/strong>&nbsp;(einmalig);<\/li>\n\n\n\n<li>Mitgliedsbeitrag \u2014&nbsp;<strong>1,50 \u20ac pro Monat<\/strong>.<\/li>\n<\/ul>\n\n\n\n<p>&#x1f449;&nbsp;<strong>Insgesamt: 18 \u20ac pro Jahr + 5 \u20ac Aufnahmegeb\u00fchr.<\/strong><\/p>\n\n\n\n<h3>&#x1f539; Zahlungsm\u00f6glichkeiten:<\/h3>\n\n\n\n<ul>\n<li>Barzahlung in unserem B\u00fcro;<\/li>\n\n\n\n<li>Bank\u00fcberweisung an folgende Kontodaten:<\/li>\n<\/ul>\n\n\n\n<p><strong>Verein ERFOLG<\/strong><br>Reg.-Nr. 40008006251<br>Mihoelsa iela 7-1a, Daugavpils, LV-5401<\/p>\n\n\n\n<p><strong>Bank:<\/strong>&nbsp;LUMINOR BANK AS<br><strong>Code:<\/strong>&nbsp;RIKOLV2XXXX<br><strong>Konto:<\/strong>&nbsp;LV07RIKO0002930318860<\/p>\n\n\n\n<p><strong>Verwendungszweck:<\/strong>&nbsp;<em>Mitgliedsbeitrag<\/em><\/p>\n\n\n\n<hr class=\"wp-block-separator has-alpha-channel-opacity\"\/>\n\n\n\n<h3>&#x1f49b; Spenden<\/h3>\n\n\n\n<p>Wenn Sie keine M\u00f6glichkeit haben, Mitglied zu werden,&nbsp;<strong>freuen wir uns auch \u00fcber Spenden<\/strong>, die zur Umsetzung der Ziele des Vereins ERFOLG beitragen und die Nachhaltigkeit unserer Projekte sichern.<\/p>\n\n\n\n<p>Spenden k\u00f6nnen erfolgen:<\/p>\n\n\n\n<ul>\n<li>per Bank\u00fcberweisung auf die oben genannten Kontodaten.<\/li>\n<\/ul>\n\n\n\n<p><strong>Verwendungszweck:<\/strong>&nbsp;<em>Spende<\/em><\/p>\n\n\n\n<hr class=\"wp-block-separator has-alpha-channel-opacity\"\/>\n\n\n\n<p>&#x2728;&nbsp;<strong>Als Mitglied von ERFOLG oder durch eine Spende werden Sie Teil einer aktiven Gemeinschaft, die echte Ver\u00e4nderungen bewirkt.<\/strong><br>Vielen Dank f\u00fcr Ihr Vertrauen, Ihr Engagement und Ihre Unterst\u00fctzung!<\/p>\n","protected":false},"excerpt":{"rendered":"<p>&#x1f499;&nbsp;Vielen Dank, dass Sie uns unterst\u00fctzen und die Arbeit des Vereins ERFOLG mittragen!Dank Ihrer Unterst\u00fctzung k\u00f6nnen wir kulturelle, Bildungs- und Sozialprojekte umsetzen, Menschen zusammenbringen und eine aktive Gemeinschaft in Daugavpils und dar\u00fcber hinaus aufbauen. &#x1f91d;&nbsp;M\u00f6chten Sie Mitglied des Vereins ERFOLG werden?Das ist ganz einfach \u2013 und Ihr Beitrag hat eine echte Bedeutung. &#x1f539; Wie wird [&hellip;]<\/p>\n","protected":false},"author":2,"featured_media":0,"parent":0,"menu_order":5,"comment_status":"closed","ping_status":"closed","template":"","meta":[],"_links":{"self":[{"href":"https:\/\/erfolg.lv\/index.php?rest_route=\/wp\/v2\/pages\/5113"}],"collection":[{"href":"https:\/\/erfolg.lv\/index.php?rest_route=\/wp\/v2\/pages"}],"about":[{"href":"https:\/\/erfolg.lv\/index.php?rest_route=\/wp\/v2\/types\/page"}],"author":[{"embeddable":true,"href":"https:\/\/erfolg.lv\/index.php?rest_route=\/wp\/v2\/users\/2"}],"replies":[{"embeddable":true,"href":"https:\/\/erfolg.lv\/index.php?rest_route=%2Fwp%2Fv2%2Fcomments&post=5113"}],"version-history":[{"count":1,"href":"https:\/\/erfolg.lv\/index.php?rest_route=\/wp\/v2\/pages\/5113\/revisions"}],"predecessor-version":[{"id":5114,"href":"https:\/\/erfolg.lv\/index.php?rest_route=\/wp\/v2\/pages\/5113\/revisions\/5114"}],"wp:attachment":[{"href":"https:\/\/erfolg.lv\/index.php?rest_route=%2Fwp%2Fv2%2Fmedia&parent=5113"}],"curies":[{"name":"wp","href":"https:\/\/api.w.org\/{rel}","templated":true}]}}