{"id":5110,"date":"2025-12-19T12:41:20","date_gmt":"2025-12-19T12:41:20","guid":{"rendered":"https:\/\/erfolg.lv\/?page_id=5110"},"modified":"2025-12-19T12:54:34","modified_gmt":"2025-12-19T12:54:34","slug":"pievenojies-erfolg","status":"publish","type":"page","link":"https:\/\/erfolg.lv\/?page_id=5110&lang=lv","title":{"rendered":"Pievenojies ERFOLG"},"content":{"rendered":"\n<p>&#x1f499;&nbsp;<strong>Paldies, ka esat kop\u0101 ar mums un atbalst\u0101t biedr\u012bbas ERFOLG darb\u012bbu!<\/strong><br>Pateicoties jums, m\u0113s varam \u012bstenot kult\u016bras, izgl\u012btojo\u0161us un soci\u0101lus projektus, vienot cilv\u0113kus un veidot akt\u012bvu kopienu Daugavpil\u012b un \u0101rpus t\u0101.<\/p>\n\n\n\n<p>&#x1f91d;&nbsp;<strong>V\u0113laties k\u013c\u016bt par biedr\u012bbas ERFOLG biedru?<\/strong><br>Tas ir vienk\u0101r\u0161i \u2014 un j\u016bsu ieguld\u012bjumam ir patiesa noz\u012bme.<\/p>\n\n\n\n<h3>&#x1f539; K\u0101 k\u013c\u016bt par ERFOLG biedru:<\/h3>\n\n\n\n<p><strong>Aizpildiet anketu<\/strong>&nbsp;p\u0113c saites:<br>&#x1f449;&nbsp;<a href=\"https:\/\/ej.uz\/erfolgbiedri\" target=\"_blank\" rel=\"noreferrer noopener\">https:\/\/ej.uz\/erfolgbiedri<\/a><\/p>\n\n\n\n<p><strong>Samaks\u0101jiet biedru naudu:<\/strong><\/p>\n\n\n\n<ul>\n<li>iest\u0101\u0161an\u0101s maksa \u2014&nbsp;<strong>5 \u20ac<\/strong>&nbsp;(vienreiz\u0113ja);<\/li>\n\n\n\n<li>biedra nauda \u2014&nbsp;<strong>1,50 \u20ac par katru gada m\u0113nesi<\/strong>.<\/li>\n<\/ul>\n\n\n\n<p>&#x1f449;&nbsp;<strong>Kop\u0101: 18 \u20ac gad\u0101 + 5 \u20ac iest\u0101\u0161an\u0101s maksa.<\/strong><\/p>\n\n\n\n<h3>&#x1f539; Samaksas iesp\u0113jas:<\/h3>\n\n\n\n<ul>\n<li>skaidr\u0101 naud\u0101 m\u016bsu biroj\u0101;<\/li>\n\n\n\n<li>ar bankas p\u0101rskait\u012bjumu uz \u0161\u0101diem rekviz\u012btiem:<\/li>\n<\/ul>\n\n\n\n<p><strong>BIEDR\u012aBA ERFOLG<\/strong><br>Re\u0123. Nr. 40008006251<br>Mihoelsa iela 7-1a, Daugavpils, LV-5401<\/p>\n\n\n\n<p><strong>Banka:<\/strong>&nbsp;LUMINOR BANK AS<br><strong>Kods:<\/strong>&nbsp;RIKOLV2XXXX<br><strong>Konts:<\/strong>&nbsp;LV07RIKO0002930318860<\/p>\n\n\n\n<p><strong>Maks\u0101juma m\u0113r\u0137is:<\/strong>&nbsp;<em>biedru nauda<\/em><\/p>\n\n\n\n<hr class=\"wp-block-separator has-alpha-channel-opacity\"\/>\n\n\n\n<h3>&#x1f49b; Ziedojumi<\/h3>\n\n\n\n<p>Ja jums nav iesp\u0113jas k\u013c\u016bt par biedru,&nbsp;<strong>m\u0113s priec\u0101simies ar\u012b par ziedojumiem<\/strong>, kas pal\u012bdz \u012bstenot biedr\u012bbas ERFOLG m\u0113r\u0137us un nodro\u0161in\u0101t projektu ilgtsp\u0113ju.<\/p>\n\n\n\n<p>Ziedojumus iesp\u0113jams veikt:<\/p>\n\n\n\n<ul>\n<li>ar bankas p\u0101rskait\u012bjumu uz iepriek\u0161 nor\u0101d\u012btajiem rekviz\u012btiem.<\/li>\n<\/ul>\n\n\n\n<p><strong>Maks\u0101juma m\u0113r\u0137is:<\/strong>&nbsp;<em>ziedojums<\/em><\/p>\n\n\n\n<hr class=\"wp-block-separator has-alpha-channel-opacity\"\/>\n\n\n\n<p>&#x2728;&nbsp;<strong>K\u013c\u016bstot par ERFOLG biedru vai atbalstot m\u016bs ar ziedojumu, j\u016bs k\u013c\u016bstat par da\u013cu no akt\u012bvas kopienas, kas rada re\u0101las p\u0101rmai\u0146as.<\/strong><br>Paldies par uztic\u0113\u0161anos, iesaisti un atbalstu!<\/p>\n","protected":false},"excerpt":{"rendered":"<p>&#x1f499;&nbsp;Paldies, ka esat kop\u0101 ar mums un atbalst\u0101t biedr\u012bbas ERFOLG darb\u012bbu!Pateicoties jums, m\u0113s varam \u012bstenot kult\u016bras, izgl\u012btojo\u0161us un soci\u0101lus projektus, vienot cilv\u0113kus un veidot akt\u012bvu kopienu Daugavpil\u012b un \u0101rpus t\u0101. &#x1f91d;&nbsp;V\u0113laties k\u013c\u016bt par biedr\u012bbas ERFOLG biedru?Tas ir vienk\u0101r\u0161i \u2014 un j\u016bsu ieguld\u012bjumam ir patiesa noz\u012bme. &#x1f539; K\u0101 k\u013c\u016bt par ERFOLG biedru: Aizpildiet anketu&nbsp;p\u0113c saites:&#x1f449;&nbsp;https:\/\/ej.uz\/erfolgbiedri Samaks\u0101jiet [&hellip;]<\/p>\n","protected":false},"author":2,"featured_media":0,"parent":0,"menu_order":5,"comment_status":"closed","ping_status":"closed","template":"","meta":[],"_links":{"self":[{"href":"https:\/\/erfolg.lv\/index.php?rest_route=\/wp\/v2\/pages\/5110"}],"collection":[{"href":"https:\/\/erfolg.lv\/index.php?rest_route=\/wp\/v2\/pages"}],"about":[{"href":"https:\/\/erfolg.lv\/index.php?rest_route=\/wp\/v2\/types\/page"}],"author":[{"embeddable":true,"href":"https:\/\/erfolg.lv\/index.php?rest_route=\/wp\/v2\/users\/2"}],"replies":[{"embeddable":true,"href":"https:\/\/erfolg.lv\/index.php?rest_route=%2Fwp%2Fv2%2Fcomments&post=5110"}],"version-history":[{"count":1,"href":"https:\/\/erfolg.lv\/index.php?rest_route=\/wp\/v2\/pages\/5110\/revisions"}],"predecessor-version":[{"id":5111,"href":"https:\/\/erfolg.lv\/index.php?rest_route=\/wp\/v2\/pages\/5110\/revisions\/5111"}],"wp:attachment":[{"href":"https:\/\/erfolg.lv\/index.php?rest_route=%2Fwp%2Fv2%2Fmedia&parent=5110"}],"curies":[{"name":"wp","href":"https:\/\/api.w.org\/{rel}","templated":true}]}}