{"id":1478,"date":"2025-01-22T11:46:17","date_gmt":"2025-01-22T11:46:17","guid":{"rendered":"http:\/\/erfolg.lv\/?page_id=1478"},"modified":"2026-01-13T13:47:42","modified_gmt":"2026-01-13T13:47:42","slug":"deutsch-sprachkurse-2","status":"publish","type":"page","link":"https:\/\/erfolg.lv\/?page_id=1478&lang=de","title":{"rendered":"DEUTSCH-SPRACHKURSE"},"content":{"rendered":"\n<p><strong>DEUTSCH-SPRACHKURSE F\u00dcR ERWACHSENE UND KINDER. JEDES WISSENSNIVEAU.<\/strong><\/p>\n\n\n\n<figure class=\"is-layout-flex wp-block-gallery-1 wp-block-gallery has-nested-images columns-default is-cropped\">\n<figure class=\"wp-block-image\"><img decoding=\"async\" src=\"http:\/\/erfolg.lv\/wp-content\/uploads\/2025\/01\/345605503_627376329252182_7171243101137613396_n.jpg\" alt=\"\u042d\u0442\u043e \u0438\u0437\u043e\u0431\u0440\u0430\u0436\u0435\u043d\u0438\u0435 \u0438\u043c\u0435\u0435\u0442 \u043f\u0443\u0441\u0442\u043e\u0439 \u0430\u0442\u0440\u0438\u0431\u0443\u0442 alt; \u0435\u0433\u043e \u0438\u043c\u044f \u0444\u0430\u0439\u043b\u0430 - 345605503_627376329252182_7171243101137613396_n.jpg\"\/><\/figure>\n\n\n\n<figure class=\"wp-block-image size-large\"><img decoding=\"async\" loading=\"lazy\" width=\"726\" height=\"1024\" data-id=\"1476\"  src=\"http:\/\/erfolg.lv\/wp-content\/uploads\/2025\/01\/340759719_1603107380168924_2870161921346504877_n-1-726x1024-1.jpg\" alt=\"\" class=\"wp-image-1476\" srcset=\"https:\/\/erfolg.lv\/wp-content\/uploads\/2025\/01\/340759719_1603107380168924_2870161921346504877_n-1-726x1024-1.jpg 726w, https:\/\/erfolg.lv\/wp-content\/uploads\/2025\/01\/340759719_1603107380168924_2870161921346504877_n-1-726x1024-1-213x300.jpg 213w\" sizes=\"(max-width: 726px) 100vw, 726px\" \/><\/figure>\n\n\n\n<figure class=\"wp-block-image size-large\"><img decoding=\"async\" loading=\"lazy\" width=\"960\" height=\"720\" data-id=\"1475\"  src=\"http:\/\/erfolg.lv\/wp-content\/uploads\/2025\/01\/69955879_2612778972073915_1240551408814522368_n-3-1.jpg\" alt=\"\" class=\"wp-image-1475\" srcset=\"https:\/\/erfolg.lv\/wp-content\/uploads\/2025\/01\/69955879_2612778972073915_1240551408814522368_n-3-1.jpg 960w, https:\/\/erfolg.lv\/wp-content\/uploads\/2025\/01\/69955879_2612778972073915_1240551408814522368_n-3-1-300x225.jpg 300w, https:\/\/erfolg.lv\/wp-content\/uploads\/2025\/01\/69955879_2612778972073915_1240551408814522368_n-3-1-768x576.jpg 768w\" sizes=\"(max-width: 960px) 100vw, 960px\" \/><\/figure>\n<\/figure>\n\n\n\n<p><\/p>\n\n\n\n<p>Das ERFOLG-Schulungszentrum bietet Deutschkurse f\u00fcr Erwachsene und Kinder, mit und ohne Vorkenntnisse. Wir arbeiten sowohl in Gruppen als auch einzeln. Wir bieten auch Kurse \u00fcber ZOOM oder Skype zu einem f\u00fcr Sie passenden Zeitpunkt an.<\/p>\n\n\n\n<p>Die Kosten f\u00fcr Gruppenunterricht betragen 4 EUR pro Stunde, f\u00fcr Einzelunterricht (intensiv), pers\u00f6nlich und aus der Ferne (ZOOM, Skype) \u2013 15 EUR pro Stunde (bei Zahlung von 10 Unterrichtsstunden auf einmal 12 EUR pro Stunde). F\u00fcr Mitglieder des Vereins \u201eERFOLG\u201c oder wenn Ihr Euch gemeinsam zusammenfindet, gibt es 10% Erm\u00e4\u00dfigung.<\/p>\n\n\n\n<p>Unsere Kurse sind n\u00fctzlich f\u00fcr diejenigen, die:<\/p>\n\n\n\n<ul>\n<li>habe nie zuvor Deutsch gelernt;<\/li>\n\n\n\n<li>haben die Sprache in der Schule oder an der Universit\u00e4t gelernt, sie aber nie gemeistert;<\/li>\n\n\n\n<li>verf\u00fcgt \u00fcber fragmentarisches Wissen und m\u00f6chte weiter lernen;<\/li>\n\n\n\n<li>Ihr Deutsch f\u00fcr private oder berufliche Zwecke verbessern m\u00f6chten.<\/li>\n<\/ul>\n\n\n\n<p>Nach Abschluss des Kurses stellen wir Ihnen unabh\u00e4ngig von der gew\u00e4hlten Studienform ein ZERTIFIKAT des Schulungszentrums ERFOLG aus, das Ihre Kenntnisse der deutschen Sprache sowohl in Lettland als auch im Ausland best\u00e4tigt.<\/p>\n\n\n\n<p>INDIVIDUELLE DEUTSCHUNTERRICHTSSTUNDEN<\/p>\n\n\n\n<p>Individuelle Deutschkurse in unserem Schulungszentrum sind:<\/p>\n\n\n\n<p>leichter und effektiver Spracherwerb,<\/p>\n\n\n\n<p>freie Kommunikation mit dem Lehrer,<\/p>\n\n\n\n<p>anpassbares Unterrichtstempo. K\u00f6nnen Sie nicht alle Informationen aufnehmen, die Ihr Lehrer Ihnen vermittelt? Kein Problem, Sie k\u00f6nnen auf diese Frage jederzeit wieder zur\u00fcckkommen. Wenn Sie hingegen etwas zu gut wissen, wird es Ihnen nicht schwer fallen, dieses Thema zu \u00fcberspringen.<\/p>\n\n\n\n<p>flexibler Unterrichtsplan, der IHRE F\u00e4higkeiten ber\u00fccksichtigt.<\/p>\n\n\n\n<p>Ein ma\u00dfgeschneidertes Programm, abgestimmt auf Ihre W\u00fcnsche und eine nach Ihrem Bedarf festgelegte Stundenanzahl. Als Grundlage dient dabei unser Angebot in klassischen Sprachlerngruppen.<\/p>\n\n\n\n<p>Die Kosten f\u00fcr eine Unterrichtsstunde betragen 15 EURO pro Unterrichtseinheit (45 Minuten). Bei Zahlung von 10 Unterrichtseinheiten auf einmal betragen die Kosten pro Unterrichtseinheit 12 EURO. F\u00fcr Mitglieder des Vereins \u201eERFOLG\u201c oder wenn Ihr Euch gemeinsam zusammenfindet, gibt es 10% Erm\u00e4\u00dfigung.<\/p>\n\n\n\n<p>GRUPPENUNTERRICHT IN DEUTSCH<\/p>\n\n\n\n<p>Unser Gruppen-Deutschunterricht ist f\u00fcr diejenigen geeignet, die:<\/p>\n\n\n\n<p>\u00dcberwinden Sie die Sprachbarriere einfach und schnell. Sie kommunizieren nicht mit einer, sondern mit mehreren Personen. Die Angst, mit einem Fremden in einer Fremdsprache zu sprechen, wird praktisch nicht vorhanden sein.<\/p>\n\n\n\n<p>Lernen Sie, Fremdsprachen besser zu verstehen. Jeder Mensch hat seine eigene Art der Aussprache. Je mehr Besonderheiten Sie im Unterricht h\u00f6ren, desto leichter wird es Ihnen im wirklichen Leben fallen.<\/p>\n\n\n\n<p>Kn\u00fcpfen Sie neue Bekanntschaften oder bevorzugen Sie die Live-Kommunikation. Die Arbeit in einer Gruppe ist immer interessanter als mit einem einzelnen Lehrer. Neue Bekanntschaften, interessante Gespr\u00e4che, spannende Sprachspiele, Nachbildungen realer Situationen \u2013 all diese angenehmen Momente werden zu einem integralen Bestandteil des Lernprozesses und machen ihn viel spannender und produktiver.<\/p>\n\n\n\n<p>Sparen Sie Geld. Ein weiterer unbestreitbarer Vorteil des Gruppenunterrichts sind die geringen Schulungskosten. Gruppenunterricht ist g\u00fcnstiger als Einzelunterricht.<\/p>\n\n\n\n<p>Im ERFOLG-Schulungszentrum werden Trainingsgruppen entsprechend dem Kenntnisstand gebildet. Der Unterricht findet zweimal w\u00f6chentlich f\u00fcr 1 Unterrichtsstunde oder einmal w\u00f6chentlich f\u00fcr 2 Unterrichtsstunden statt (je nach Absprache mit der Gruppe). Die Kosten f\u00fcr eine Unterrichtsstunde betragen 4 Euro pro Unterrichtseinheit (45 Minuten). Die monatliche Rate betr\u00e4gt 32 Euro. F\u00fcr Mitglieder des Vereins \u201eERFOLG\u201c oder wenn Ihr Euch gemeinsam zusammenfindet, gibt es 10% Erm\u00e4\u00dfigung.<\/p>\n\n\n\n<p>DEUTSCHSPRACHKURSE PER FERNUNTERRICHT<\/p>\n\n\n\n<p>Das Deutsch-Fernstudium eignet sich f\u00fcr alle, deren Lebensrhythmus oder aktueller Wohnort es nicht erlaubt, Vollzeit-Fremdsprachenkurse zu besuchen. Mithilfe der Vorteile moderner Technologien k\u00f6nnen Sie sich zu einem f\u00fcr Sie passenden Zeitpunkt und an einem f\u00fcr Sie passenden Ort mit einem Fernlehrer treffen.<\/p>\n\n\n\n<p>Der Unterricht findet \u00fcber die kostenlosen Anwendungen Skype oder Zoom statt, die Online-Videoanrufe erm\u00f6glichen. Alles, was Sie zum Erlernen einer Sprache ben\u00f6tigen, ist ein Computer oder ein Mobiltelefon mit Internetanschluss.<\/p>\n\n\n\n<p>Das Lernzentrum ERFOLG bietet Online-Deutschunterricht sowohl f\u00fcr Anf\u00e4nger als auch f\u00fcr diejenigen, die im Beruf oder Alltag zus\u00e4tzlichen Spracherwerb ben\u00f6tigen.<\/p>\n\n\n\n<p>Die Kosten f\u00fcr eine Unterrichtsstunde betragen 15 Euro pro Unterrichtseinheit (45 Minuten). F\u00fcr Mitglieder des Vereins \u201eERFOLG\u201c oder wenn Ihr Euch gemeinsam zusammenfindet, gibt es 10% Erm\u00e4\u00dfigung.<\/p>\n\n\n\n<p>DEUTSCHSPRACHKURSE GEF\u00d6RDERT VOM GOETHE-INSTITUT F\u00dcR ERWACHSENE OHNE KENNTNISSE (A1-A2) UND MIT KENNTNISSEN (A-C)<\/p>\n\n\n\n<p>Wenn es Ihnen schwerf\u00e4llt, in kurzer Zeit viele Informationen aufzunehmen, bieten wir Ihnen an, Deutsch nach dem Programm des GOETHE-Instituts zu lernen. Da der Unterricht einmal w\u00f6chentlich mit 2 Unterrichtseinheiten stattfindet, haben Sie mehr Zeit, sich den Lernstoff anzueignen. Zudem kostet eine Unterrichtsstunde in diesem Programm nur 2,50 Euro, f\u00fcr Mitglieder des Vereins ERFOLG 1 Euro pro Unterrichtsstunde. Der monatliche Beitrag betr\u00e4gt 20 Euro, f\u00fcr Mitglieder des Vereins ERFOLG 8 Euro.<\/p>\n\n\n\n<p>DEUTSCHSPRACHKURSE F\u00dcR KINDER MIT UND OHNE KENNTNISSE<\/p>\n\n\n\n<p>Wir bieten Deutschkurse f\u00fcr Kinder von 4 bis 16 Jahren an. Gruppen- und Einzelunterricht finden pers\u00f6nlich und aus der Ferne statt. Das Trainingsprogramm wird entsprechend dem Alter und Kenntnisstand Ihres Kindes erstellt.<\/p>\n\n\n\n<p>Der Gruppenunterricht findet zweimal w\u00f6chentlich f\u00fcr 1 Unterrichtsstunde oder einmal w\u00f6chentlich f\u00fcr 2 Unterrichtsstunden statt (je nach Absprache mit der Gruppe). Die Unterrichtskosten betragen 4 Euro pro Unterrichtseinheit (45 Minuten). Die monatliche Rate betr\u00e4gt 32 Euro. Die Kosten f\u00fcr den Einzelunterricht f\u00fcr Kinder betragen 15 EURO pro Unterrichtsstunde. F\u00fcr Mitglieder des Vereins \u201eERFOLG\u201c oder wenn Ihr Euch gemeinsam zusammenfindet, gibt es 10% Erm\u00e4\u00dfigung.<\/p>\n\n\n\n<p>Wenn Sie die f\u00fcr Sie am besten geeignete Trainingsform ausgew\u00e4hlt haben und bereit sind, mit dem Deutschlernen zu beginnen, laden wir Sie ein, sich f\u00fcr unseren Kurs anzumelden, indem Sie ein Online-Formular <a href=\"https:\/\/ej.uz\/erfolgdeutsch\">https:\/\/ej.uz\/erfolgdeutsch<\/a> ausf\u00fcllen oder uns unter 22329443 anrufen. Rufen Sie auch an, wenn Sie Fragen und Anregungen haben. Wir sind offen f\u00fcr eine Zusammenarbeit!<\/p>\n\n\n\n<p>ERFOLG-Gesellschaft<\/p>\n\n\n\n<p>Daugavpils, Michoelsa-Stra\u00dfe 7-1a<\/p>\n\n\n\n<p>Tel., WhatsApp +371 22329443<\/p>\n\n\n\n<p>E-mail: <a href=\"mailto:erfolg@inbox.lv\">erfolg@inbox.lv<\/a><\/p>\n\n\n\n<p>Facebook @Erfolg.Biedriba<\/p>\n","protected":false},"excerpt":{"rendered":"<p>DEUTSCH-SPRACHKURSE F\u00dcR ERWACHSENE UND KINDER. JEDES WISSENSNIVEAU. Das ERFOLG-Schulungszentrum bietet Deutschkurse f\u00fcr Erwachsene und Kinder, mit und ohne Vorkenntnisse. Wir arbeiten sowohl in Gruppen als auch einzeln. Wir bieten auch Kurse \u00fcber ZOOM oder Skype zu einem f\u00fcr Sie passenden Zeitpunkt an. Die Kosten f\u00fcr Gruppenunterricht betragen 4 EUR pro Stunde, f\u00fcr Einzelunterricht (intensiv), pers\u00f6nlich [&hellip;]<\/p>\n","protected":false},"author":2,"featured_media":0,"parent":1441,"menu_order":0,"comment_status":"closed","ping_status":"closed","template":"","meta":[],"_links":{"self":[{"href":"https:\/\/erfolg.lv\/index.php?rest_route=\/wp\/v2\/pages\/1478"}],"collection":[{"href":"https:\/\/erfolg.lv\/index.php?rest_route=\/wp\/v2\/pages"}],"about":[{"href":"https:\/\/erfolg.lv\/index.php?rest_route=\/wp\/v2\/types\/page"}],"author":[{"embeddable":true,"href":"https:\/\/erfolg.lv\/index.php?rest_route=\/wp\/v2\/users\/2"}],"replies":[{"embeddable":true,"href":"https:\/\/erfolg.lv\/index.php?rest_route=%2Fwp%2Fv2%2Fcomments&post=1478"}],"version-history":[{"count":2,"href":"https:\/\/erfolg.lv\/index.php?rest_route=\/wp\/v2\/pages\/1478\/revisions"}],"predecessor-version":[{"id":5302,"href":"https:\/\/erfolg.lv\/index.php?rest_route=\/wp\/v2\/pages\/1478\/revisions\/5302"}],"up":[{"embeddable":true,"href":"https:\/\/erfolg.lv\/index.php?rest_route=\/wp\/v2\/pages\/1441"}],"wp:attachment":[{"href":"https:\/\/erfolg.lv\/index.php?rest_route=%2Fwp%2Fv2%2Fmedia&parent=1478"}],"curies":[{"name":"wp","href":"https:\/\/api.w.org\/{rel}","templated":true}]}}