{"id":1473,"date":"2025-01-22T11:43:50","date_gmt":"2025-01-22T11:43:50","guid":{"rendered":"http:\/\/erfolg.lv\/?page_id=1473"},"modified":"2025-01-22T11:58:34","modified_gmt":"2025-01-22T11:58:34","slug":"deutsch-sprachkurse","status":"publish","type":"page","link":"https:\/\/erfolg.lv\/?page_id=1473&lang=de","title":{"rendered":"ENGLISCH-SPRACHKURSE"},"content":{"rendered":"\n<p>Das Schulungszentrum ERFOLG bietet ENGLISCH-Sprachkurse f\u00fcr ERWACHSENE UND KINDER an, mit oder ohne Vorkenntnisse.<\/p>\n\n\n\n<p>Unsere erfahrenen Lehrer helfen Ihnen, entsprechend Ihren Bed\u00fcrfnissen und W\u00fcnschen die englische Sprache zu beherrschen und Ihre m\u00fcndliche und schriftliche Ausdrucksweise zu verbessern.<\/p>\n\n\n\n<p>M\u00f6gliche Trainingsformen:<\/p>\n\n\n\n<p><strong>Einzelunterricht<\/strong>, dessen Programm entsprechend Ihren F\u00e4higkeiten und W\u00fcnschen zusammengestellt wird. Der Unterricht kann entweder pers\u00f6nlich im komfortablen Klassenraum unseres Schulungszentrums oder aus der Ferne \u00fcber Skype oder ZOOM stattfinden.<\/p>\n\n\n\n<p>Eine Einzelstunde ist f\u00fcr jeweils 1 oder 2 Klienten vorgesehen und dauert 45 Minuten.<\/p>\n\n\n\n<p><strong>Gruppenunterricht<\/strong>. Der Unterricht findet in der Regel in kleinen Gruppen von 5 bis 10 Personen statt, was eine engere Kommunikation zwischen Sch\u00fclern und Lehrer auf Englisch erm\u00f6glicht. Daher sind Gruppenkurse eine hervorragende Gelegenheit, Ihre m\u00fcndliche Kommunikation in einem informellen Rahmen zu verbessern.<\/p>\n\n\n\n<p>Die Kosten f\u00fcr Einzelunterricht (intensiv), pers\u00f6nlich und aus der Ferne (ZOOM, Skype), betragen <strong>15 EUR<\/strong> pro Stunde (bei Zahlung von 10 Unterrichtsstunden auf einmal <strong>12 EUR<\/strong> pro Stunde), Gruppenunterricht kostet <strong>4 EUR <\/strong>pro Stunde. F\u00fcr Mitglieder des Vereins \u201eERFOLG\u201c oder wenn Ihr Euch gemeinsam zusammenfindet, gibt es 10% Erm\u00e4\u00dfigung.<\/p>\n\n\n\n<p>Bewerbungen f\u00fcr die Ausbildung k\u00f6nnen telefonisch unter +371 22 32 94 43 entgegengenommen werden.<\/p>\n\n\n\n<p>Unsere Kontakte:<\/p>\n\n\n\n<p>ERFOLG-Gesellschaft<\/p>\n\n\n\n<p>Daugavpils, Michoelsa-Stra\u00dfe 7-1a<\/p>\n\n\n\n<p>Tel., WhatsApp +371 22329443<\/p>\n\n\n\n<p>E-mail: <a href=\"mailto:erfolg@inbox.lv\">erfolg@inbox.lv<\/a><\/p>\n\n\n\n<p>Facebook @Erfolg.Biedriba<\/p>\n","protected":false},"excerpt":{"rendered":"<p>Das Schulungszentrum ERFOLG bietet ENGLISCH-Sprachkurse f\u00fcr ERWACHSENE UND KINDER an, mit oder ohne Vorkenntnisse. Unsere erfahrenen Lehrer helfen Ihnen, entsprechend Ihren Bed\u00fcrfnissen und W\u00fcnschen die englische Sprache zu beherrschen und Ihre m\u00fcndliche und schriftliche Ausdrucksweise zu verbessern. M\u00f6gliche Trainingsformen: Einzelunterricht, dessen Programm entsprechend Ihren F\u00e4higkeiten und W\u00fcnschen zusammengestellt wird. Der Unterricht kann entweder pers\u00f6nlich im [&hellip;]<\/p>\n","protected":false},"author":2,"featured_media":73,"parent":1441,"menu_order":0,"comment_status":"closed","ping_status":"closed","template":"","meta":[],"_links":{"self":[{"href":"https:\/\/erfolg.lv\/index.php?rest_route=\/wp\/v2\/pages\/1473"}],"collection":[{"href":"https:\/\/erfolg.lv\/index.php?rest_route=\/wp\/v2\/pages"}],"about":[{"href":"https:\/\/erfolg.lv\/index.php?rest_route=\/wp\/v2\/types\/page"}],"author":[{"embeddable":true,"href":"https:\/\/erfolg.lv\/index.php?rest_route=\/wp\/v2\/users\/2"}],"replies":[{"embeddable":true,"href":"https:\/\/erfolg.lv\/index.php?rest_route=%2Fwp%2Fv2%2Fcomments&post=1473"}],"version-history":[{"count":2,"href":"https:\/\/erfolg.lv\/index.php?rest_route=\/wp\/v2\/pages\/1473\/revisions"}],"predecessor-version":[{"id":1481,"href":"https:\/\/erfolg.lv\/index.php?rest_route=\/wp\/v2\/pages\/1473\/revisions\/1481"}],"up":[{"embeddable":true,"href":"https:\/\/erfolg.lv\/index.php?rest_route=\/wp\/v2\/pages\/1441"}],"wp:featuredmedia":[{"embeddable":true,"href":"https:\/\/erfolg.lv\/index.php?rest_route=\/wp\/v2\/media\/73"}],"wp:attachment":[{"href":"https:\/\/erfolg.lv\/index.php?rest_route=%2Fwp%2Fv2%2Fmedia&parent=1473"}],"curies":[{"name":"wp","href":"https:\/\/api.w.org\/{rel}","templated":true}]}}