{"id":1453,"date":"2025-01-20T09:17:43","date_gmt":"2025-01-20T09:17:43","guid":{"rendered":"http:\/\/erfolg.lv\/?page_id=1453"},"modified":"2025-01-20T09:17:44","modified_gmt":"2025-01-20T09:17:44","slug":"ubersetzung","status":"publish","type":"page","link":"https:\/\/erfolg.lv\/?page_id=1453&lang=de","title":{"rendered":"\u00dcBERSETZUNG"},"content":{"rendered":"\n<p>Wir bieten \u00dcbersetzungsdienste aus\/in Deutsch, Russisch, Lettisch und Englisch an.<\/p>\n\n\n\n<p>Wir \u00fcbersetzen:<\/p>\n\n\n\n<p>Ihre Geburtsurkunde, Heiratsurkunde usw.;<\/p>\n\n\n\n<p>Ihre Bildungsdokumente;<\/p>\n\n\n\n<p>\u00e4rztliche Atteste, Ausz\u00fcge;<\/p>\n\n\n\n<p>Arbeits- und Rentenb\u00fccher;<\/p>\n\n\n\n<p>Gerichtsdokumente;<\/p>\n\n\n\n<p>k\u00fcnstlerische Texte.<\/p>\n\n\n\n<p>Dar\u00fcber hinaus unterst\u00fctzen wir Sie bei privaten und gesch\u00e4ftlichen Telefonaten ins In- und Ausland, bei der Beantwortung von Briefen und E-Mails in den oben genannten Sprachen sowie beim Ausf\u00fcllen von Formularen und Antr\u00e4gen.<\/p>\n\n\n\n<p>Zu \u00fcbersetzende Materialien werden in elektronischer und Papierform akzeptiert.<\/p>\n\n\n\n<p>Kosten f\u00fcr schriftliche \u00dcbersetzung: ab 12 Euro f\u00fcr 1800 Zeichen<\/p>\n\n\n\n<p>ERFOLG-Gesellschaft<\/p>\n\n\n\n<p>Daugavpils, Michoelsa-Stra\u00dfe 7-1a<\/p>\n\n\n\n<p>Tel., WhatsApp +371 22329443<\/p>\n\n\n\n<p>E-mail: <a href=\"mailto:erfolg@inbox.lv\">erfolg@inbox.lv<\/a><\/p>\n\n\n\n<p>Facebook @Erfolg.Biedriba<\/p>\n","protected":false},"excerpt":{"rendered":"<p>Wir bieten \u00dcbersetzungsdienste aus\/in Deutsch, Russisch, Lettisch und Englisch an. Wir \u00fcbersetzen: Ihre Geburtsurkunde, Heiratsurkunde usw.; Ihre Bildungsdokumente; \u00e4rztliche Atteste, Ausz\u00fcge; Arbeits- und Rentenb\u00fccher; Gerichtsdokumente; k\u00fcnstlerische Texte. Dar\u00fcber hinaus unterst\u00fctzen wir Sie bei privaten und gesch\u00e4ftlichen Telefonaten ins In- und Ausland, bei der Beantwortung von Briefen und E-Mails in den oben genannten Sprachen sowie beim [&hellip;]<\/p>\n","protected":false},"author":2,"featured_media":115,"parent":0,"menu_order":0,"comment_status":"closed","ping_status":"closed","template":"","meta":[],"_links":{"self":[{"href":"https:\/\/erfolg.lv\/index.php?rest_route=\/wp\/v2\/pages\/1453"}],"collection":[{"href":"https:\/\/erfolg.lv\/index.php?rest_route=\/wp\/v2\/pages"}],"about":[{"href":"https:\/\/erfolg.lv\/index.php?rest_route=\/wp\/v2\/types\/page"}],"author":[{"embeddable":true,"href":"https:\/\/erfolg.lv\/index.php?rest_route=\/wp\/v2\/users\/2"}],"replies":[{"embeddable":true,"href":"https:\/\/erfolg.lv\/index.php?rest_route=%2Fwp%2Fv2%2Fcomments&post=1453"}],"version-history":[{"count":1,"href":"https:\/\/erfolg.lv\/index.php?rest_route=\/wp\/v2\/pages\/1453\/revisions"}],"predecessor-version":[{"id":1454,"href":"https:\/\/erfolg.lv\/index.php?rest_route=\/wp\/v2\/pages\/1453\/revisions\/1454"}],"wp:featuredmedia":[{"embeddable":true,"href":"https:\/\/erfolg.lv\/index.php?rest_route=\/wp\/v2\/media\/115"}],"wp:attachment":[{"href":"https:\/\/erfolg.lv\/index.php?rest_route=%2Fwp%2Fv2%2Fmedia&parent=1453"}],"curies":[{"name":"wp","href":"https:\/\/api.w.org\/{rel}","templated":true}]}}