{"id":1449,"date":"2025-01-20T09:15:01","date_gmt":"2025-01-20T09:15:01","guid":{"rendered":"http:\/\/erfolg.lv\/?page_id=1449"},"modified":"2025-01-20T09:15:02","modified_gmt":"2025-01-20T09:15:02","slug":"hotel-erfolg","status":"publish","type":"page","link":"https:\/\/erfolg.lv\/?page_id=1449&lang=de","title":{"rendered":"HOTEL ERFOLG"},"content":{"rendered":"\n<p>Das Hotel \u201eERFOLG\u201c ist eine gro\u00dfartige Unterkunftsm\u00f6glichkeit in Daugavpils. Das Hotel liegt 900 Meter vom Zentrum von Daugavpils entfernt in einem Wohngebiet, sodass Sie nach einem anstrengenden Arbeitstag nicht vom Stadtl\u00e4rm abgelenkt werden. Ein Lebensmittelgesch\u00e4ft befindet sich nur wenige Gehminuten vom Hotel entfernt. Dar\u00fcber hinaus befinden sich in der N\u00e4he Gesch\u00e4fte, Caf\u00e9s und Haltestellen des \u00f6ffentlichen Nahverkehrs, die Ihren Aufenthalt noch mobiler und komfortabler machen.<\/p>\n\n\n\n<figure class=\"wp-block-image size-large\"><img decoding=\"async\" loading=\"lazy\" width=\"1024\" height=\"683\" src=\"http:\/\/erfolg.lv\/wp-content\/uploads\/2023\/05\/001-3-1-min-1024x683.jpg\" alt=\"\" class=\"wp-image-53\" srcset=\"https:\/\/erfolg.lv\/wp-content\/uploads\/2023\/05\/001-3-1-min-1024x683.jpg 1024w, https:\/\/erfolg.lv\/wp-content\/uploads\/2023\/05\/001-3-1-min-300x200.jpg 300w, https:\/\/erfolg.lv\/wp-content\/uploads\/2023\/05\/001-3-1-min-768x512.jpg 768w, https:\/\/erfolg.lv\/wp-content\/uploads\/2023\/05\/001-3-1-min-1536x1024.jpg 1536w, https:\/\/erfolg.lv\/wp-content\/uploads\/2023\/05\/001-3-1-min-2048x1365.jpg 2048w\" sizes=\"(max-width: 1024px) 100vw, 1024px\" \/><figcaption class=\"wp-element-caption\"><em>Hotel ERFOLG<\/em><\/figcaption><\/figure>\n\n\n\n<p>Das Hotel ist f\u00fcr Gesch\u00e4ftsreisen geeignet; informelle Schulungen, Seminare, Austausche; f\u00fcr einen Aufenthalt mit der Familie; zum Aufhalten bei Tieren.<\/p>\n\n\n\n<p>Den G\u00e4sten steht Folgendes zur Verf\u00fcgung:<\/p>\n\n\n\n<ul>\n<li>preiswerte Zimmer (sowohl Apartments mit K\u00fcche, Standardzimmer f\u00fcr zwei Personen mit eigenem Bad als auch Zimmer mit mehreren Betten und Gemeinschaftsbad \u2013 Hostel-Typ);<\/li>\n\n\n\n<li>gro\u00dfz\u00fcgige Diele im Erdgescho\u00df;<\/li>\n\n\n\n<li>kostenloses WLAN;<\/li>\n\n\n\n<li>kostenlose \u00f6ffentliche Parkpl\u00e4tze;<\/li>\n\n\n\n<li>Kabelfernsehen;<\/li>\n\n\n\n<li>unaufdringliches aber aufmerksames Personal.<\/li>\n<\/ul>\n\n\n\n<p>Gegen eine zus\u00e4tzliche Geb\u00fchr ist Folgendes m\u00f6glich:<\/p>\n\n\n\n<ul>\n<li>Sekretariats-\/\u00dcbersetzerdienste;<\/li>\n\n\n\n<li>die M\u00f6glichkeit, Dokumente zu kopieren, zu scannen und zu verarbeiten;<\/li>\n\n\n\n<li>W\u00e4scheservice;<\/li>\n\n\n\n<li>Fahrradverleih;<\/li>\n\n\n\n<li>Sauna;<\/li>\n\n\n\n<li>Haustiere sind gegen eine zus\u00e4tzliche Geb\u00fchr erlaubt<\/li>\n<\/ul>\n\n\n\n<p>Die Art der Dienstleistung k\u00f6nnen Sie mit unserem Administrator vereinbaren. Das Personal gibt den G\u00e4sten au\u00dferdem gerne touristische und andere n\u00fctzliche Informationen.<\/p>\n\n\n\n<p>F\u00fcr Organisationen bieten wir einen Vertrag f\u00fcr Firmendienstleistungen und f\u00fcr Einzelkunden ein Treueprogramm an. Beim Check-out aus dem Hotel m\u00fcssen s\u00e4mtliche notwendigen Unterlagen zur Meldung vorgelegt werden.<\/p>\n\n\n\n<figure class=\"is-layout-flex wp-block-gallery-1 wp-block-gallery has-nested-images columns-default is-cropped\">\n<figure class=\"wp-block-image\"><img decoding=\"async\" src=\"http:\/\/erfolg.lv\/wp-content\/uploads\/2025\/01\/DSCF5122-1-1024x683-1.jpg\" alt=\"\u042d\u0442\u043e \u0438\u0437\u043e\u0431\u0440\u0430\u0436\u0435\u043d\u0438\u0435 \u0438\u043c\u0435\u0435\u0442 \u043f\u0443\u0441\u0442\u043e\u0439 \u0430\u0442\u0440\u0438\u0431\u0443\u0442 alt; \u0435\u0433\u043e \u0438\u043c\u044f \u0444\u0430\u0439\u043b\u0430 - DSCF5122-1-1024x683-1.jpg\"\/><figcaption class=\"wp-element-caption\">Das Hotel &#171;ERFOLG&#187; ist eine gro\u00dfartige Option f\u00fcr eine Unterkunft in Daugavpils<\/figcaption><\/figure>\n\n\n\n<figure class=\"wp-block-image size-large\"><img decoding=\"async\" loading=\"lazy\" width=\"1024\" height=\"768\" data-id=\"1451\"  src=\"http:\/\/erfolg.lv\/wp-content\/uploads\/2025\/01\/20190409_150850-1-1024x768-1.jpg\" alt=\"\" class=\"wp-image-1451\" srcset=\"https:\/\/erfolg.lv\/wp-content\/uploads\/2025\/01\/20190409_150850-1-1024x768-1.jpg 1024w, https:\/\/erfolg.lv\/wp-content\/uploads\/2025\/01\/20190409_150850-1-1024x768-1-300x225.jpg 300w, https:\/\/erfolg.lv\/wp-content\/uploads\/2025\/01\/20190409_150850-1-1024x768-1-768x576.jpg 768w\" sizes=\"(max-width: 1024px) 100vw, 1024px\" \/><figcaption class=\"wp-element-caption\">Saal im ersten Stock<\/figcaption><\/figure>\n<\/figure>\n\n\n\n<p><strong>G\u00c4STE CHECKEN DURCH ANRUFEN EIN. Eine Stunde vor der Ankunft m\u00fcssen Sie den Administrator telefonisch unter +37125912250, +37122329443 kontaktieren<\/strong> (Anruf ist auch \u00fcber Viber oder WhatsApp m\u00f6glich)<\/p>\n\n\n\n<p>HOTEL ERFOLG<\/p>\n\n\n\n<p>Daugavpils, Nometnu-Stra\u00dfe 25a<\/p>\n\n\n\n<p>B\u00fcro: Mikhoelsa 7-1a, Daugavpils<\/p>\n\n\n\n<p>Tel., WhatsApp, Viber +371 25912250, +37122329443<\/p>\n\n\n\n<p>E-Mail: <a href=\"mailto:hotelerfolg@outlook.com\">hotelerfolg@outlook.com<\/a><\/p>\n\n\n\n<p><a href=\"http:\/\/www.daugavpilsapartment.lv\/lv\/\">http:\/\/www.daugavpilsapartment.lv\/lv\/<\/a><\/p>\n","protected":false},"excerpt":{"rendered":"<p>Das Hotel \u201eERFOLG\u201c ist eine gro\u00dfartige Unterkunftsm\u00f6glichkeit in Daugavpils. Das Hotel liegt 900 Meter vom Zentrum von Daugavpils entfernt in einem Wohngebiet, sodass Sie nach einem anstrengenden Arbeitstag nicht vom Stadtl\u00e4rm abgelenkt werden. Ein Lebensmittelgesch\u00e4ft befindet sich nur wenige Gehminuten vom Hotel entfernt. Dar\u00fcber hinaus befinden sich in der N\u00e4he Gesch\u00e4fte, Caf\u00e9s und Haltestellen des [&hellip;]<\/p>\n","protected":false},"author":2,"featured_media":0,"parent":0,"menu_order":0,"comment_status":"closed","ping_status":"closed","template":"","meta":[],"_links":{"self":[{"href":"https:\/\/erfolg.lv\/index.php?rest_route=\/wp\/v2\/pages\/1449"}],"collection":[{"href":"https:\/\/erfolg.lv\/index.php?rest_route=\/wp\/v2\/pages"}],"about":[{"href":"https:\/\/erfolg.lv\/index.php?rest_route=\/wp\/v2\/types\/page"}],"author":[{"embeddable":true,"href":"https:\/\/erfolg.lv\/index.php?rest_route=\/wp\/v2\/users\/2"}],"replies":[{"embeddable":true,"href":"https:\/\/erfolg.lv\/index.php?rest_route=%2Fwp%2Fv2%2Fcomments&post=1449"}],"version-history":[{"count":1,"href":"https:\/\/erfolg.lv\/index.php?rest_route=\/wp\/v2\/pages\/1449\/revisions"}],"predecessor-version":[{"id":1452,"href":"https:\/\/erfolg.lv\/index.php?rest_route=\/wp\/v2\/pages\/1449\/revisions\/1452"}],"wp:attachment":[{"href":"https:\/\/erfolg.lv\/index.php?rest_route=%2Fwp%2Fv2%2Fmedia&parent=1449"}],"curies":[{"name":"wp","href":"https:\/\/api.w.org\/{rel}","templated":true}]}}