{"id":1443,"date":"2025-01-20T09:04:32","date_gmt":"2025-01-20T09:04:32","guid":{"rendered":"http:\/\/erfolg.lv\/?page_id=1443"},"modified":"2025-12-22T07:13:40","modified_gmt":"2025-12-22T07:13:40","slug":"uber-uns","status":"publish","type":"page","link":"https:\/\/erfolg.lv\/?page_id=1443&lang=de","title":{"rendered":"\u00dcBER UNS"},"content":{"rendered":"\n<p><strong>Geschichte<\/strong><\/p>\n\n\n\n<p>Der Verein ERFOLG wurde 1994 gegr\u00fcndet. Initiator der Gr\u00fcndung war Georg Esse, erster Vorsitzender der Gesellschaft war der in Sibirien geborene Deutsche Woldemar Elert. Im Jahr 2005 wurde Olga Esse zur Vorsitzenden des Vereins gew\u00e4hlt, unter deren F\u00fchrung sich der Verein neu organisierte, seine Schwerpunkte \u00e4nderte und seine T\u00fcren f\u00fcr alle \u00f6ffnete, die sich f\u00fcr deutsche Kultur, Sprache und Geschichte interessieren.<\/p>\n\n\n\n<figure class=\"wp-block-image size-large is-resized\"><img decoding=\"async\" loading=\"lazy\" src=\"http:\/\/erfolg.lv\/wp-content\/uploads\/2023\/05\/20230317_102306-1-1024x768.jpg\" alt=\"\" class=\"wp-image-35\" width=\"844\" height=\"633\" srcset=\"https:\/\/erfolg.lv\/wp-content\/uploads\/2023\/05\/20230317_102306-1-1024x768.jpg 1024w, https:\/\/erfolg.lv\/wp-content\/uploads\/2023\/05\/20230317_102306-1-300x225.jpg 300w, https:\/\/erfolg.lv\/wp-content\/uploads\/2023\/05\/20230317_102306-1-768x576.jpg 768w, https:\/\/erfolg.lv\/wp-content\/uploads\/2023\/05\/20230317_102306-1-1536x1152.jpg 1536w, https:\/\/erfolg.lv\/wp-content\/uploads\/2023\/05\/20230317_102306-1-2048x1536.jpg 2048w\" sizes=\"(max-width: 844px) 100vw, 844px\" \/><figcaption class=\"wp-element-caption\">Vorsitzende der ERFOLG-Gesellschaft Olga Esse<\/figcaption><\/figure>\n\n\n\n<p><strong>Hauptpriorit\u00e4ten und T\u00e4tigkeitsbereiche<\/strong><\/p>\n\n\n\n<p>Die Hauptpriorit\u00e4ten der ERFOLG-Gesellschaft sind:<\/p>\n\n\n\n<ul>\n<li>F\u00f6rderung eines modernen Deutschlandbildes;<\/li>\n\n\n\n<li>Popularisierung der deutschen Sprache (Deutschkurse werden erfolgreich angeboten und erfreuen sich bei der deutschen Gemeinschaft und den Einwohnern von Daugavpils gro\u00dfer Beliebtheit; der Verein verf\u00fcgt auch \u00fcber eine eigene Bibliothek, die von jedem genutzt werden kann, der sich f\u00fcr die deutsche Kultur interessiert);<\/li>\n\n\n\n<li>Popularisierung deutscher Traditionen und Kultur (der Verein verf\u00fcgt \u00fcber ein Musikensemble \u201eLorelei\u201c; viele erfolgreich organisierte Feiertage und Veranstaltungen sind zur Tradition geworden);<\/li>\n\n\n\n<li>Studium der deutschen Geschichte im S\u00fcdosten Lettlands (die Gesellschaft besch\u00e4ftigt sich mit dem Studium des deutschen Kulturerbes der Region sowie mit der Sammlung und Archivierung der erhaltenen Materialien f\u00fcr weitere Forschungen und die \u00f6ffentliche Bildung).<\/li>\n\n\n\n<li>Arbeit mit Kindern und Jugendlichen;<\/li>\n\n\n\n<li>Entwicklung der Zivilgesellschaft;<\/li>\n\n\n\n<li>Kultur und Kunst (der Verein nimmt aktiv am kulturellen Leben von Daugavpils teil, beteiligt sich an verschiedenen Veranstaltungen f\u00fcr die Stadtbewohner und organisiert diese. Au\u00dferdem f\u00fchrt er internationale Projekte f\u00fcr die europ\u00e4ische Jugend durch, die darauf abzielen, Lettland und Daugavpils kennenzulernen);<\/li>\n\n\n\n<li>Organisation von sozialen Clubs, Bereitstellung sozialer Dienste, Wohlt\u00e4tigkeit;<\/li>\n\n\n\n<li>Bildung, Forschung (die Gesellschaft arbeitet im Bereich der informellen Bildung und bietet verschiedene Kurse im Zusammenhang mit dem Studium verschiedener Sprachen, Projektmanagement und anderen Bereichen an);<\/li>\n\n\n\n<li>Besch\u00e4ftigung (die Organisation beteiligt sich aktiv an der Umsetzung verschiedener Projekte, bei denen junge Menschen und andere Gruppen, darunter Menschen mit besonderen Bed\u00fcrfnissen, die M\u00f6glichkeit haben, verschiedene Berufe kennenzulernen und Berufserfahrung zu sammeln);<\/li>\n\n\n\n<li>Integration und Bildung von Minderheiten (die Gesellschaft beteiligt sich aktiv an der Umsetzung verschiedener Projekte im Zusammenhang mit der Integration von Vertretern verschiedener Nationalit\u00e4ten in die Gesellschaft).<\/li>\n<\/ul>\n\n\n\n<figure class=\"is-layout-flex wp-block-gallery-1 wp-block-gallery has-nested-images columns-default is-cropped\">\n<figure class=\"wp-block-image size-large\"><img decoding=\"async\" loading=\"lazy\" width=\"768\" height=\"1024\" data-id=\"1446\"  src=\"http:\/\/erfolg.lv\/wp-content\/uploads\/2025\/01\/20230313_151834-2-768x1024-1.jpg\" alt=\"\" class=\"wp-image-1446\" srcset=\"https:\/\/erfolg.lv\/wp-content\/uploads\/2025\/01\/20230313_151834-2-768x1024-1.jpg 768w, https:\/\/erfolg.lv\/wp-content\/uploads\/2025\/01\/20230313_151834-2-768x1024-1-225x300.jpg 225w\" sizes=\"(max-width: 768px) 100vw, 768px\" \/><\/figure>\n\n\n\n<figure class=\"wp-block-image size-large\"><img decoding=\"async\" loading=\"lazy\" width=\"768\" height=\"1024\" data-id=\"1445\"  src=\"http:\/\/erfolg.lv\/wp-content\/uploads\/2025\/01\/20230317_111820-1-768x1024-1.jpg\" alt=\"\" class=\"wp-image-1445\" srcset=\"https:\/\/erfolg.lv\/wp-content\/uploads\/2025\/01\/20230317_111820-1-768x1024-1.jpg 768w, https:\/\/erfolg.lv\/wp-content\/uploads\/2025\/01\/20230317_111820-1-768x1024-1-225x300.jpg 225w\" sizes=\"(max-width: 768px) 100vw, 768px\" \/><\/figure>\n\n\n\n<figure class=\"wp-block-image size-large\"><img decoding=\"async\" loading=\"lazy\" width=\"960\" height=\"720\" data-id=\"1447\"  src=\"http:\/\/erfolg.lv\/wp-content\/uploads\/2025\/01\/69955879_2612778972073915_1240551408814522368_n-3.jpg\" alt=\"\" class=\"wp-image-1447\" srcset=\"https:\/\/erfolg.lv\/wp-content\/uploads\/2025\/01\/69955879_2612778972073915_1240551408814522368_n-3.jpg 960w, https:\/\/erfolg.lv\/wp-content\/uploads\/2025\/01\/69955879_2612778972073915_1240551408814522368_n-3-300x225.jpg 300w, https:\/\/erfolg.lv\/wp-content\/uploads\/2025\/01\/69955879_2612778972073915_1240551408814522368_n-3-768x576.jpg 768w\" sizes=\"(max-width: 960px) 100vw, 960px\" \/><\/figure>\n<\/figure>\n\n\n\n<p><strong>Ziele<\/strong><\/p>\n\n\n\n<p>Die Hauptziele und -zwecke der Gesellschaft sind der Aufbau und die Entwicklung einer solidarischen und integrierten Zivilgesellschaft; F\u00f6rderung der b\u00fcrgerlichen Teilhabe und der gesellschaftlichen Aktivit\u00e4ten von Minderheiten; Organisation sozialer Kontakte und Wohlt\u00e4tigkeitsveranstaltungen, Unterst\u00fctzung einkommensschwacher und sozial schwacher Bev\u00f6lkerungsgruppen; F\u00f6rderung der umfassenden Bildung von Jugendlichen und Kindern; Gew\u00e4hrleistung der \u00f6kologischen Nachhaltigkeit und Einbeziehung junger Menschen in Gemeinschaftsveranstaltungen; Erhaltung und Verbreitung deutscher Kulturwerte, Popularisierung der deutschen Sprache, Kultur und Kunst.<\/p>\n\n\n\n<p><strong>Was wir tun<\/strong><\/p>\n\n\n\n<p>Seit vielen Jahren beteiligt sich \u201eERFOLG\u201c aktiv am \u00f6ffentlichen Leben von Daugavpils und der Region Latgale und organisiert verschiedene Veranstaltungen, Wettbewerbe, Seminare, Schulungen und kreative Workshops, die nicht nur den Mitgliedern der Gesellschaft, sondern auch anderen Einwohnern zur Verf\u00fcgung stehen. von Daugavpils und der Region. Der Verein f\u00fchrt verschiedene Projekte durch \u2013 sowohl internationale Jugendaustausche und Jugendinitiativen sowie Ausbildungsprojekte als auch internationale Kooperationsprojekte.<\/p>\n\n\n\n<p>Ziel aller unserer Veranstaltungen ist die Entwicklung des interkulturellen Dialogs, die Diversifizierung der Integrationsaktivit\u00e4ten und der Austausch gemeinsamer Interessen. Die Gesellschaft verfasst und implementiert aktiv Projekte, die mit EU-Mitteln gef\u00f6rdert werden, und bietet dar\u00fcber hinaus informative Beratungen zu Bildungsm\u00f6glichkeiten und verf\u00fcgbaren Austauschprogrammen in der Europ\u00e4ischen Union an, wodurch sie die EU popul\u00e4r macht.<\/p>\n\n\n\n<p>Dar\u00fcber hinaus f\u00fchrt der Verein Projekte zur Jugendbeteiligung, Integration und B\u00fcrgerbeteiligung durch. ERFOLG organisiert verschiedene Veranstaltungen, Exkursionen und Projekte zur nicht formalen Bildung f\u00fcr junge Menschen, sowohl vor Ort als auch international. Dank der Zusammenarbeit des Vereins mit anderen Nichtregierungsorganisationen im Ausland und der partnerschaftlichen Beteiligung an deren Projekten hat ERFOLG die M\u00f6glichkeit, einheimische Kinder in internationale Austauschprojekte zu schicken, um ihnen den Erwerb neuer Kenntnisse und F\u00e4higkeiten zu erm\u00f6glichen.<\/p>\n\n\n\n<p>Der Verein verf\u00fcgt \u00fcber ein eigenes Musikensemble, die \u201eLorelei\u201c, zu deren Repertoire unter anderem traditionelle deutsche Lieder und Schlager geh\u00f6ren. Das Ensemble f\u00fchrt ein reiches kreatives Leben: Es tritt bei Feiertagen und Stadtveranstaltungen, Festivals und Wettbewerben auf; hat Erfahrung mit der Teilnahme an Musikprogrammen in Riga, Liepaja, Ventspils, im benachbarten Litauen und Estland sowie der Slowakei. Jedes Jahr nimmt Lorelei am Liederfest der Deutsch-Baltischen Gesellschaften teil und tritt beim Gesamtlettischen Gesangs- und Tanzfestival auf. Indem das Ensemble den Zuh\u00f6rern deutsche Lieder n\u00e4herbringt, macht es sie verst\u00e4ndlich und beliebt, hilft, die Seele des deutschen Volkes zu verstehen und zu sp\u00fcren und f\u00f6rdert die Ann\u00e4herung verschiedener Kulture<\/p>\n\n\n\n<p>Der Verein ERFOLG fungiert auch als Ausbildungszentrum, in dem jeder Sprachen wie Deutsch, Lettisch, Russisch, Englisch usw. erlernen kann. Im Ausbildungszentrum ERFOLG werden st\u00e4ndig verschiedene Bildungs- und Arbeitsprojekte umgesetzt.<\/p>\n\n\n\n<p><strong>Erfolge in Zahlen und mehr<\/strong><\/p>\n\n\n\n<p>Der Verein ERFOLG hat \u00fcber 60 Projekte f\u00fcr Kinder, Erwachsene, Rentner, Arbeitslose, Minderheiten und nat\u00fcrlich Jugendliche umgesetzt. Dabei handelte es sich um Projekte zur Berufsorientierung, zur informellen Bildung, zur Entwicklung kreativer und beruflicher F\u00e4higkeiten sowie um Jugendschulen, in denen junge Menschen sich in verschiedenen Berufen ausprobieren, Praktika absolvieren und erste Arbeitserfahrungen am Arbeitsplatz sammeln konnten.<\/p>\n\n\n\n<p>Das Familienfest \u201eZOOMAYFEST\u201c ist in Daugavpils zu einer Tradition geworden; der Verein veranstaltet es seit 7 Jahren in Folge in der Stadt. Das Festival brachte nicht nur einheimische Familien zusammen, sondern auch Kreativgruppen, \u00f6ffentliche Organisationen sowie staatliche und kommunale Einrichtungen und bezog rund 3.000 Teilnehmer in seine Aktivit\u00e4ten ein. Jedes Jahr \u00e4nderte sich das Veranstaltungsprogramm je nach Thema, die direkte Zielgruppe des Festivals \u2013 Familien \u2013 blieb jedoch unver\u00e4ndert.<\/p>\n\n\n\n<p>Mehr als 60 Menschen engagierten sich ehrenamtlich.<\/p>\n\n\n\n<p>Der Verein hat derzeit 265 Mitglieder. Der Verein besch\u00e4ftigt auch lokale Freiwillige. Ehrenamtliche Helfer spielen in der Organisation eine wichtige Rolle, da sie aktiv sind und diverse Veranstaltungen organisieren.<\/p>\n\n\n\n<p>Unsere Kontakte<\/p>\n\n\n\n<p>Verein \u201eERFOLG\u201c<\/p>\n\n\n\n<p>Daugavpils, st. Michoelsa 7-1a<\/p>\n\n\n\n<p>Tel., WhatsApp +371 22329443<\/p>\n\n\n\n<p>Eins. Nummer: 40008006251<\/p>\n\n\n\n<pre id=\"tw-target-text\" class=\"wp-block-preformatted\">Bankkonto: LV07RIKO0002930318860<\/pre>\n\n\n\n<p>E-mail: erfolg@inbox.lv<\/p>\n\n\n\n<p>Facebook @Erfolg.Biedriba<\/p>\n\n\n\n<figure class=\"wp-block-image size-large\"><img decoding=\"async\" loading=\"lazy\" width=\"724\" height=\"1024\" src=\"http:\/\/erfolg.lv\/wp-content\/uploads\/2024\/09\/4b45c7aa395689bd631029c9cb490a4b-0-3-724x1024.jpg\" alt=\"\" class=\"wp-image-1031\" srcset=\"https:\/\/erfolg.lv\/wp-content\/uploads\/2024\/09\/4b45c7aa395689bd631029c9cb490a4b-0-3-724x1024.jpg 724w, https:\/\/erfolg.lv\/wp-content\/uploads\/2024\/09\/4b45c7aa395689bd631029c9cb490a4b-0-3-212x300.jpg 212w, https:\/\/erfolg.lv\/wp-content\/uploads\/2024\/09\/4b45c7aa395689bd631029c9cb490a4b-0-3-768x1086.jpg 768w, https:\/\/erfolg.lv\/wp-content\/uploads\/2024\/09\/4b45c7aa395689bd631029c9cb490a4b-0-3-1086x1536.jpg 1086w, https:\/\/erfolg.lv\/wp-content\/uploads\/2024\/09\/4b45c7aa395689bd631029c9cb490a4b-0-3-1448x2048.jpg 1448w, https:\/\/erfolg.lv\/wp-content\/uploads\/2024\/09\/4b45c7aa395689bd631029c9cb490a4b-0-3.jpg 1654w\" sizes=\"(max-width: 724px) 100vw, 724px\" \/><\/figure>\n\n\n\n<figure class=\"wp-block-image size-large\"><img decoding=\"async\" loading=\"lazy\" width=\"724\" height=\"1024\" src=\"http:\/\/erfolg.lv\/wp-content\/uploads\/2024\/09\/4b45c7aa395689bd631029c9cb490a4b-1-3-724x1024.jpg\" alt=\"\" class=\"wp-image-1032\" srcset=\"https:\/\/erfolg.lv\/wp-content\/uploads\/2024\/09\/4b45c7aa395689bd631029c9cb490a4b-1-3-724x1024.jpg 724w, https:\/\/erfolg.lv\/wp-content\/uploads\/2024\/09\/4b45c7aa395689bd631029c9cb490a4b-1-3-212x300.jpg 212w, https:\/\/erfolg.lv\/wp-content\/uploads\/2024\/09\/4b45c7aa395689bd631029c9cb490a4b-1-3-768x1086.jpg 768w, https:\/\/erfolg.lv\/wp-content\/uploads\/2024\/09\/4b45c7aa395689bd631029c9cb490a4b-1-3-1086x1536.jpg 1086w, https:\/\/erfolg.lv\/wp-content\/uploads\/2024\/09\/4b45c7aa395689bd631029c9cb490a4b-1-3-1448x2048.jpg 1448w, https:\/\/erfolg.lv\/wp-content\/uploads\/2024\/09\/4b45c7aa395689bd631029c9cb490a4b-1-3.jpg 1654w\" sizes=\"(max-width: 724px) 100vw, 724px\" \/><\/figure>\n\n\n\n<figure class=\"wp-block-image size-large\"><img decoding=\"async\" loading=\"lazy\" width=\"724\" height=\"1024\" src=\"http:\/\/erfolg.lv\/wp-content\/uploads\/2024\/09\/4b45c7aa395689bd631029c9cb490a4b-2-2-724x1024.jpg\" alt=\"\" class=\"wp-image-1033\" srcset=\"https:\/\/erfolg.lv\/wp-content\/uploads\/2024\/09\/4b45c7aa395689bd631029c9cb490a4b-2-2-724x1024.jpg 724w, https:\/\/erfolg.lv\/wp-content\/uploads\/2024\/09\/4b45c7aa395689bd631029c9cb490a4b-2-2-212x300.jpg 212w, https:\/\/erfolg.lv\/wp-content\/uploads\/2024\/09\/4b45c7aa395689bd631029c9cb490a4b-2-2-768x1086.jpg 768w, https:\/\/erfolg.lv\/wp-content\/uploads\/2024\/09\/4b45c7aa395689bd631029c9cb490a4b-2-2-1086x1536.jpg 1086w, https:\/\/erfolg.lv\/wp-content\/uploads\/2024\/09\/4b45c7aa395689bd631029c9cb490a4b-2-2-1448x2048.jpg 1448w, https:\/\/erfolg.lv\/wp-content\/uploads\/2024\/09\/4b45c7aa395689bd631029c9cb490a4b-2-2.jpg 1654w\" sizes=\"(max-width: 724px) 100vw, 724px\" \/><\/figure>\n\n\n\n<figure class=\"wp-block-image size-large\"><img decoding=\"async\" loading=\"lazy\" width=\"724\" height=\"1024\" src=\"http:\/\/erfolg.lv\/wp-content\/uploads\/2024\/09\/4b45c7aa395689bd631029c9cb490a4b-3-2-724x1024.jpg\" alt=\"\" class=\"wp-image-1034\" srcset=\"https:\/\/erfolg.lv\/wp-content\/uploads\/2024\/09\/4b45c7aa395689bd631029c9cb490a4b-3-2-724x1024.jpg 724w, https:\/\/erfolg.lv\/wp-content\/uploads\/2024\/09\/4b45c7aa395689bd631029c9cb490a4b-3-2-212x300.jpg 212w, https:\/\/erfolg.lv\/wp-content\/uploads\/2024\/09\/4b45c7aa395689bd631029c9cb490a4b-3-2-768x1086.jpg 768w, https:\/\/erfolg.lv\/wp-content\/uploads\/2024\/09\/4b45c7aa395689bd631029c9cb490a4b-3-2-1086x1536.jpg 1086w, https:\/\/erfolg.lv\/wp-content\/uploads\/2024\/09\/4b45c7aa395689bd631029c9cb490a4b-3-2-1448x2048.jpg 1448w, https:\/\/erfolg.lv\/wp-content\/uploads\/2024\/09\/4b45c7aa395689bd631029c9cb490a4b-3-2.jpg 1654w\" sizes=\"(max-width: 724px) 100vw, 724px\" \/><\/figure>\n\n\n\n<figure class=\"wp-block-image size-large\"><img decoding=\"async\" loading=\"lazy\" width=\"724\" height=\"1024\" src=\"http:\/\/erfolg.lv\/wp-content\/uploads\/2024\/09\/4b45c7aa395689bd631029c9cb490a4b-4-2-724x1024.jpg\" alt=\"\" class=\"wp-image-1036\" srcset=\"https:\/\/erfolg.lv\/wp-content\/uploads\/2024\/09\/4b45c7aa395689bd631029c9cb490a4b-4-2-724x1024.jpg 724w, https:\/\/erfolg.lv\/wp-content\/uploads\/2024\/09\/4b45c7aa395689bd631029c9cb490a4b-4-2-212x300.jpg 212w, https:\/\/erfolg.lv\/wp-content\/uploads\/2024\/09\/4b45c7aa395689bd631029c9cb490a4b-4-2-768x1086.jpg 768w, https:\/\/erfolg.lv\/wp-content\/uploads\/2024\/09\/4b45c7aa395689bd631029c9cb490a4b-4-2-1086x1536.jpg 1086w, https:\/\/erfolg.lv\/wp-content\/uploads\/2024\/09\/4b45c7aa395689bd631029c9cb490a4b-4-2-1448x2048.jpg 1448w, https:\/\/erfolg.lv\/wp-content\/uploads\/2024\/09\/4b45c7aa395689bd631029c9cb490a4b-4-2.jpg 1654w\" sizes=\"(max-width: 724px) 100vw, 724px\" \/><\/figure>\n\n\n\n<figure class=\"wp-block-image size-large\"><img decoding=\"async\" loading=\"lazy\" width=\"724\" height=\"1024\" src=\"http:\/\/erfolg.lv\/wp-content\/uploads\/2024\/09\/4b45c7aa395689bd631029c9cb490a4b-5-2-724x1024.jpg\" alt=\"\" class=\"wp-image-1037\" srcset=\"https:\/\/erfolg.lv\/wp-content\/uploads\/2024\/09\/4b45c7aa395689bd631029c9cb490a4b-5-2-724x1024.jpg 724w, https:\/\/erfolg.lv\/wp-content\/uploads\/2024\/09\/4b45c7aa395689bd631029c9cb490a4b-5-2-212x300.jpg 212w, https:\/\/erfolg.lv\/wp-content\/uploads\/2024\/09\/4b45c7aa395689bd631029c9cb490a4b-5-2-768x1086.jpg 768w, https:\/\/erfolg.lv\/wp-content\/uploads\/2024\/09\/4b45c7aa395689bd631029c9cb490a4b-5-2-1086x1536.jpg 1086w, https:\/\/erfolg.lv\/wp-content\/uploads\/2024\/09\/4b45c7aa395689bd631029c9cb490a4b-5-2-1448x2048.jpg 1448w, https:\/\/erfolg.lv\/wp-content\/uploads\/2024\/09\/4b45c7aa395689bd631029c9cb490a4b-5-2.jpg 1654w\" sizes=\"(max-width: 724px) 100vw, 724px\" \/><\/figure>\n","protected":false},"excerpt":{"rendered":"<p>Geschichte Der Verein ERFOLG wurde 1994 gegr\u00fcndet. Initiator der Gr\u00fcndung war Georg Esse, erster Vorsitzender der Gesellschaft war der in Sibirien geborene Deutsche Woldemar Elert. Im Jahr 2005 wurde Olga Esse zur Vorsitzenden des Vereins gew\u00e4hlt, unter deren F\u00fchrung sich der Verein neu organisierte, seine Schwerpunkte \u00e4nderte und seine T\u00fcren f\u00fcr alle \u00f6ffnete, die sich [&hellip;]<\/p>\n","protected":false},"author":2,"featured_media":0,"parent":0,"menu_order":0,"comment_status":"closed","ping_status":"open","template":"","meta":[],"_links":{"self":[{"href":"https:\/\/erfolg.lv\/index.php?rest_route=\/wp\/v2\/pages\/1443"}],"collection":[{"href":"https:\/\/erfolg.lv\/index.php?rest_route=\/wp\/v2\/pages"}],"about":[{"href":"https:\/\/erfolg.lv\/index.php?rest_route=\/wp\/v2\/types\/page"}],"author":[{"embeddable":true,"href":"https:\/\/erfolg.lv\/index.php?rest_route=\/wp\/v2\/users\/2"}],"replies":[{"embeddable":true,"href":"https:\/\/erfolg.lv\/index.php?rest_route=%2Fwp%2Fv2%2Fcomments&post=1443"}],"version-history":[{"count":2,"href":"https:\/\/erfolg.lv\/index.php?rest_route=\/wp\/v2\/pages\/1443\/revisions"}],"predecessor-version":[{"id":5117,"href":"https:\/\/erfolg.lv\/index.php?rest_route=\/wp\/v2\/pages\/1443\/revisions\/5117"}],"wp:attachment":[{"href":"https:\/\/erfolg.lv\/index.php?rest_route=%2Fwp%2Fv2%2Fmedia&parent=1443"}],"curies":[{"name":"wp","href":"https:\/\/api.w.org\/{rel}","templated":true}]}}