{"id":14,"date":"2023-05-18T21:26:53","date_gmt":"2023-05-18T21:26:53","guid":{"rendered":"http:\/\/erfolg.lv\/?page_id=14"},"modified":"2025-12-15T14:39:45","modified_gmt":"2025-12-15T14:39:45","slug":"par-mums","status":"publish","type":"page","link":"https:\/\/erfolg.lv\/?page_id=14&lang=lv","title":{"rendered":"<strong>PAR MUMS<\/strong>"},"content":{"rendered":"\n<p><strong>V\u0113sture<\/strong><\/p>\n\n\n\n<p>Biedr\u012bba ERFOLG tika dibin\u0101ta 1994.gad\u0101. T\u0101s izveides iniciators bija Georgs Jesse, bet par biedr\u012bbas pirmo priek\u0161s\u0113d\u0113taju k\u013cuva Sib\u012brij\u0101 dzimu\u0161ais v\u0101cietis Voldem\u0101rs Elerts. 2005. gad\u0101 par biedr\u012bbas priek\u0161s\u0113d\u0113t\u0101ju tika iev\u0113l\u0113ta Olga Jesse, kuras vad\u012bb\u0101 biedr\u012bba reorganiz\u0113j\u0101s, mainot savas priorit\u0101tes un atverot durvis visiem interesentiem, kuriem interes\u0113 v\u0101cu kult\u016bra, valoda un v\u0113sture.<\/p>\n\n\n\n<figure class=\"wp-block-image size-large\"><img decoding=\"async\" loading=\"lazy\" width=\"1024\" height=\"768\" src=\"http:\/\/erfolg.lv\/wp-content\/uploads\/2023\/05\/20230317_102306-1-1-1024x768.jpg\" alt=\"\" class=\"wp-image-43\" srcset=\"https:\/\/erfolg.lv\/wp-content\/uploads\/2023\/05\/20230317_102306-1-1-1024x768.jpg 1024w, https:\/\/erfolg.lv\/wp-content\/uploads\/2023\/05\/20230317_102306-1-1-300x225.jpg 300w, https:\/\/erfolg.lv\/wp-content\/uploads\/2023\/05\/20230317_102306-1-1-768x576.jpg 768w, https:\/\/erfolg.lv\/wp-content\/uploads\/2023\/05\/20230317_102306-1-1-1536x1152.jpg 1536w, https:\/\/erfolg.lv\/wp-content\/uploads\/2023\/05\/20230317_102306-1-1-2048x1536.jpg 2048w\" sizes=\"(max-width: 1024px) 100vw, 1024px\" \/><figcaption class=\"wp-element-caption\"><em>Biedr\u012bbas priek\u0161s\u0113d\u0113taja Olga Jesse<\/em><\/figcaption><\/figure>\n\n\n\n<p><strong>Galven\u0101s priorit\u0101tes un darb\u012bbas virzieni<\/strong><\/p>\n\n\n\n<p>Biedr\u012bbas ERFOLG galven\u0101s priorit\u0101tes ir:<\/p>\n\n\n\n<ul>\n<li>M\u016bsdien\u012bga V\u0101cijas t\u0113la populariz\u0113\u0161ana;<\/li>\n\n\n\n<li>v\u0101cu valodas populariz\u0113\u0161ana (veiksm\u012bgi darbojas v\u0101cu valodas kursi, kas ir k\u013cuvu\u0161i popul\u0101ri v\u0101cu biedr\u012bbas un Daugavpils iedz\u012bvot\u0101ju vid\u016b, biedr\u012bbai ir ar\u012b sava bibliot\u0113ka, kuru var izmantot visi, kam ir interese par v\u0101cu kult\u016bru);<\/li>\n<\/ul>\n\n\n\n<ul>\n<li>v\u0101cie\u0161u trad\u012bciju un kult\u016bras populariz\u0113\u0161ana (biedr\u012bb\u0101 ir muzik\u0101lais ansamblis \u201eLorelei, par trad\u012bcij\u0101m k\u013cuvu\u0161i daudzi sv\u0113tki un pas\u0101kumi u.c. veiksm\u012bgi organiz\u0113tas aktivit\u0101tes);<\/li>\n<\/ul>\n\n\n\n<ul>\n<li>v\u0101cu v\u0113stures p\u0113t\u012b\u0161ana Dienvidaustrumlatvijas re\u0123ion\u0101 (biedr\u012bba nodarbojas ar re\u0123iona v\u0101cu kult\u016bras mantojuma apseko\u0161anu un izp\u0113ti, k\u0101 ar\u012b ieg\u016bto materi\u0101lu apkopo\u0161anu un arhiv\u0113\u0161anu turpm\u0101kai p\u0113tnieciskai darb\u012bbai un sabiedr\u012bbas izgl\u012bto\u0161anai).<\/li>\n<\/ul>\n\n\n\n<ul>\n<li>darbs ar b\u0113rniem un jaunie\u0161iem;<\/li>\n\n\n\n<li>pilsonisk\u0101s sabiedr\u012bbas att\u012bst\u012bba;<\/li>\n\n\n\n<li>kult\u016bra un m\u0101ksla (Biedr\u012bba akt\u012bvi iesaist\u0101s Daugavpils kult\u016bras dz\u012bv\u0113, piedal\u0101s un organiz\u0113 da\u017e\u0101dus pas\u0101kumus pils\u0113tas iedz\u012bvotajiem, gan r\u012bko starptautiskus projektus Eiropas jaunie\u0161iem, kuri ir v\u0113rsti uz Latvijas un Daugavpils iepaz\u012b\u0161anu)<\/li>\n\n\n\n<li>soci\u0101lo klubu organiz\u0113\u0161ana, soci\u0101lo pakalpojumu nodro\u0161in\u0101\u0161ana, labdar\u012bba<\/li>\n\n\n\n<li>izgl\u012bt\u012bba, p\u0113tniec\u012bba&nbsp;(Biedr\u012bba darbojas neform\u0101l\u0101s izgl\u012bt\u012bbas jom\u0101 un pied\u0101v\u0101 da\u017e\u0101dus kursus, kas saist\u012bti ar da\u017e\u0101du valodu apguvi, projektu vad\u012bbu un cit\u0101m nozar\u0113m)<\/li>\n\n\n\n<li>nodarbin\u0101t\u012bba&nbsp;(biedr\u012bba akt\u012bvi nodarbojas ar da\u017e\u0101du projektu realiz\u0101ciju kur jaunie\u0161iem un cit\u0101m grup\u0101m t.sk. cilv\u0113kiem ar \u012bpa\u0161\u0101m vajadz\u012bb\u0101m ir iesp\u0113ja iepaz\u012bstin\u0101t da\u017e\u0101das profesijas un ieg\u016bt darba pieredzi)<\/li>\n\n\n\n<li>minorit\u0101\u0161u integr\u0101cija un apm\u0101c\u012bba&nbsp;(biedr\u012bba akt\u012bvi nodarbojas ar da\u017e\u0101du projektu realiz\u0101ciju, kas ir saist\u012bti ar da\u017e\u0101du taut\u012bbu p\u0101rst\u0101vju integr\u0113\u0161anu sabiedr\u012bb\u0101, aktivit\u0101\u0161u, apm\u0101c\u012bbu un cita veida pas\u0101kumu organiz\u0113\u0161anu)<\/li>\n<\/ul>\n\n\n\n<figure class=\"is-layout-flex wp-block-gallery-1 wp-block-gallery has-nested-images columns-default is-cropped\">\n<figure class=\"wp-block-image size-large\"><img decoding=\"async\" loading=\"lazy\" width=\"768\" height=\"1024\" data-id=\"48\"  src=\"http:\/\/erfolg.lv\/wp-content\/uploads\/2023\/05\/20230313_151834-2-1-768x1024.jpg\" alt=\"\" class=\"wp-image-48\" srcset=\"https:\/\/erfolg.lv\/wp-content\/uploads\/2023\/05\/20230313_151834-2-1-768x1024.jpg 768w, https:\/\/erfolg.lv\/wp-content\/uploads\/2023\/05\/20230313_151834-2-1-225x300.jpg 225w, https:\/\/erfolg.lv\/wp-content\/uploads\/2023\/05\/20230313_151834-2-1-1152x1536.jpg 1152w, https:\/\/erfolg.lv\/wp-content\/uploads\/2023\/05\/20230313_151834-2-1-1536x2048.jpg 1536w, https:\/\/erfolg.lv\/wp-content\/uploads\/2023\/05\/20230313_151834-2-1-scaled.jpg 1920w\" sizes=\"(max-width: 768px) 100vw, 768px\" \/><\/figure>\n\n\n\n<figure class=\"wp-block-image size-large\"><img decoding=\"async\" loading=\"lazy\" width=\"768\" height=\"1024\" data-id=\"49\"  src=\"http:\/\/erfolg.lv\/wp-content\/uploads\/2023\/05\/20230317_111820-1-1-768x1024.jpg\" alt=\"\" class=\"wp-image-49\" srcset=\"https:\/\/erfolg.lv\/wp-content\/uploads\/2023\/05\/20230317_111820-1-1-768x1024.jpg 768w, https:\/\/erfolg.lv\/wp-content\/uploads\/2023\/05\/20230317_111820-1-1-225x300.jpg 225w, https:\/\/erfolg.lv\/wp-content\/uploads\/2023\/05\/20230317_111820-1-1-1152x1536.jpg 1152w, https:\/\/erfolg.lv\/wp-content\/uploads\/2023\/05\/20230317_111820-1-1-1536x2048.jpg 1536w, https:\/\/erfolg.lv\/wp-content\/uploads\/2023\/05\/20230317_111820-1-1-scaled.jpg 1920w\" sizes=\"(max-width: 768px) 100vw, 768px\" \/><\/figure>\n\n\n\n<figure class=\"wp-block-image size-large\"><img decoding=\"async\" loading=\"lazy\" width=\"960\" height=\"720\" data-id=\"50\"  src=\"http:\/\/erfolg.lv\/wp-content\/uploads\/2023\/05\/69955879_2612778972073915_1240551408814522368_n-4.jpg\" alt=\"\" class=\"wp-image-50\" srcset=\"https:\/\/erfolg.lv\/wp-content\/uploads\/2023\/05\/69955879_2612778972073915_1240551408814522368_n-4.jpg 960w, https:\/\/erfolg.lv\/wp-content\/uploads\/2023\/05\/69955879_2612778972073915_1240551408814522368_n-4-300x225.jpg 300w, https:\/\/erfolg.lv\/wp-content\/uploads\/2023\/05\/69955879_2612778972073915_1240551408814522368_n-4-768x576.jpg 768w\" sizes=\"(max-width: 960px) 100vw, 960px\" \/><\/figure>\n<\/figure>\n\n\n\n<p><strong>M\u0113r\u0137i<\/strong><\/p>\n\n\n\n<p>Biedr\u012bbas galvenie m\u0113r\u0137i un uzdevumi ir veidot, un att\u012bst\u012bt salied\u0113tu pilsonisko un integr\u0113tu sabiedr\u012bbu, veicin\u0101t maz\u0101kumtaut\u012bbu pilsonisko l\u012bdzdal\u012bbu un sabiedrisko aktivit\u0101ti, organiz\u0113t soci\u0101l\u0101 kontakta un labdar\u012bbas pas\u0101kumus, atbalst\u012bt tr\u016bc\u012bgas un soci\u0101li mazaizsarg\u0101tas personas, sekm\u0113t jaunie\u0161u un b\u0113rnu daudzpus\u012bgu izgl\u012bto\u0161anos, nodro\u0161in\u0101t vides ilgtsp\u0113j\u012bbu un iesaist\u012bt jaunie\u0161us sabiedriskajos pas\u0101kumos, sekm\u0113t v\u0101cu kult\u016bras v\u0113rt\u012bbu saglab\u0101\u0161anu un izplat\u012bbu, populariz\u0113t v\u0101cu valodu, kult\u016bru un m\u0101kslu.<\/p>\n\n\n\n<p><strong>Ar ko m\u0113s nodarbojamies <\/strong><strong><\/strong><\/p>\n\n\n\n<p>Biedr\u012bba &#171;ERFOLG&#187; akt\u012bvi piedal\u0101s Daugavpils pils\u0113tas un Latgales re\u0123iona sabiedriskaj\u0101 dz\u012bv\u0113 ilgus gadus r\u012bkojot da\u017e\u0101dus pas\u0101kumus, konkursus, semin\u0101rus, apm\u0101c\u012bbas un rado\u0161\u0101s darbn\u012bcas, kuras ir pieejamas ne tikai biedr\u012bbas biedriem, bet ar\u012b p\u0101r\u0113jiem Daugavpils pils\u0113tas un re\u0123iona iedz\u012bvot\u0101jiem. Biedr\u012bba realiz\u0113 da\u017e\u0101dus projektus, gan jaunie\u0161u starptautisk\u0101s apmai\u0146as, gan iniciat\u012bvu projektus un apm\u0101c\u012bbu, k\u0101 ar\u012b sadarb\u012bbas t\u012bklu veido\u0161anas projektus.<\/p>\n\n\n\n<p>Visi m\u016bsu pas\u0101kumi ir orient\u0113ti uz starpkult\u016bru dialoga veicin\u0101\u0161anu, integr\u0101cijas pas\u0101kumu da\u017e\u0101do\u0161anu un savstarp\u0113jo intere\u0161u apmai\u0146u. Biedr\u012bba akt\u012bvi raksta un veiksm\u012bgi realiz\u0113 ES fondu atbalst\u012btus projektus, k\u0101 ar\u012b sniedz informat\u012bvas konsult\u0101cijas par izgl\u012bt\u012bbas un apmai\u0146as programmu iesp\u0113j\u0101m Eiropas Savien\u012bb\u0101, t\u0101d\u0101 veid\u0101 populariz\u0113jot ES.<\/p>\n\n\n\n<p>Biedr\u012bba ar\u012b realiz\u0113 projektus, kuri v\u0113rsti uz jaunie\u0161u l\u012bdzdal\u012bbu, integr\u0101ciju, pilsoniskas apzi\u0146as paaugstin\u0101\u0161anu. Biedr\u012bba pied\u0101v\u0101 jaunie\u0161iem neform\u0101las izgl\u012bt\u012bbas pas\u0101kumus un aktivit\u0101tes, ekskursijas, gan viet\u0113ja, gan starptautiska l\u012bme\u0146a projektus. Sakar\u0101 ar to, ka biedr\u012bba sadarbojas ar cit\u0101m nevalstisk\u0101m organiz\u0101cij\u0101m \u0101rzem\u0113s un iesaist\u0101s vi\u0146u projektos k\u0101 partneris, biedr\u012bba pied\u0101v\u0101 ar\u012b jaunie\u0161iem piedal\u012bties starptautiskos apmai\u0146as projektos un sa\u0146emt jaunas zin\u0101\u0161anas un iema\u0146as. Biedr\u012bba pied\u0101v\u0101 ar\u012b dal\u012bbu starptautiskos apm\u0101c\u012bbu projektos, k\u0101 ar\u012b viet\u0113ja pils\u0113tas un re\u0123iona l\u012bme\u0146a projektos.<\/p>\n\n\n\n<p>Biedr\u012bbai ir savs muzik\u0101lais ansamblis \u201eLorelei\u201d, kura repertu\u0101r\u0101 ir tradicion\u0101l\u0101s v\u0101cu dziesmas un \u0161l\u0101geri. Ansamblis dz\u012bvo bag\u0101tu rado\u0161o dz\u012bvi: uzst\u0101j\u0101s sv\u0113tkos un pils\u0113tas pas\u0101kumos, festiv\u0101los un konkursos; ir dal\u012bbas pieredze R\u012bgas, Liep\u0101jas, Ventspils, k\u0101 ar\u012b \u0101rzemju &#8212; Igaunijas, Lietuvas, Slov\u0101kijas \u2013 pas\u0101kumos. Katru gadu Lorelei piedal\u0101s v\u0101cbaltie\u0161u biedr\u012bbu dziesmu sv\u0113tkos un uzst\u0101j\u0101s Vislatvijas dziesmu un deju sv\u0113tkos. Iepaz\u012bstinot klaus\u012bt\u0101jus ar v\u0101cu dziesm\u0101m, ansamblis padara v\u0101cu dziesmu saprotamu un iem\u012b\u013cotu, pal\u012bdz izprast un sajust v\u0101cu tautas dv\u0113seli, veicina da\u017e\u0101du kult\u016bru tuvin\u0101\u0161anos.<\/p>\n\n\n\n<p>Biedr\u012bba ERFOLG darbojas ar\u012b k\u0101 m\u0101c\u012bbu centrs, kur\u0101 ikviens var apg\u016bt t\u0101das valodas k\u0101 v\u0101cu, latvie\u0161u, krievu, ang\u013cu u.c. M\u0101c\u012bbu centr\u0101 ERFOLG past\u0101v\u012bgi tiek realiz\u0113ti vair\u0101ki izgl\u012bt\u012bbas un nodarbin\u0101t\u012bbas projekti.<\/p>\n\n\n\n<p><strong>Sasniegumi ciparos un ne tikai <\/strong><strong><\/strong><\/p>\n\n\n\n<p>Biedr\u012bba ERFOLG ir realiz\u0113jusi vair\u0101k k\u0101 <strong>60<\/strong> projektus b\u0113rniem, pieaugu\u0161ajiem, pension\u0101riem, bezdarbniekiem, maz\u0101kumtaut\u012bb\u0101m un, protams, jaunatnei. Tie bija profesion\u0101l\u0101s orient\u0101cijas, neform\u0101l\u0101s izgl\u012bt\u012bbas, rado\u0161o un darba iema\u0146u ieg\u016b\u0161anas projekti, k\u0101 ar\u012b jaunie\u0161u skolas, kur\u0101s jaunie\u0161i var\u0113ja sevi pam\u0113\u0123in\u0101t da\u017e\u0101d\u0101s profesij\u0101s, p\u0101riet praksi, ieg\u016bt pirmo darba pieredzi darbaviet\u0101s.<\/p>\n\n\n\n<p>Par tradicion\u0101liem Daugavpilij ir k\u013cuvis \u0123imenes festiv\u0101ls \u201eZOOMAIFEST\u201d, kuru biedr\u012bba ir r\u012bkojusi pils\u0113t\u0101 7 gadus p\u0113c k\u0101rtas. Festiv\u0101ls apvienoja ne tikai Daugavpils un Latgales \u0123imenes, bet ar\u012b rado\u0161us kolekt\u012bvus, nevalstisk\u0101s organiz\u0101cijas, valsts un pa\u0161vald\u012bbas iest\u0101des, iesaistot ap 3000 dal\u012bbnieku sav\u0101s aktivit\u0101t\u0113s. Katru gadu pas\u0101kuma programma tika main\u012bta, atkar\u012bb\u0101 no t\u0113mas, nemain\u012bga ir palikusi festiv\u0101la tie\u0161\u0101 m\u0113r\u0137auditorija \u2013 \u0123imenes.<\/p>\n\n\n\n<p>Vair\u0101k nek\u0101 <strong>60<\/strong> cilv\u0113ki k\u013cuva par br\u012bvpr\u0101t\u012bgajiem.<\/p>\n\n\n\n<p>Biedr\u012bb\u0101 pa\u0161laik ir 265 biedri. K\u0101 ar\u012b biedr\u012bb\u0101 str\u0101d\u0101 viet\u0113jie br\u012bvpr\u0101t\u012bgie. Organiz\u0101cij\u0101 br\u012bvpr\u0101t\u012bgajiem ir svar\u012bga noz\u012bme, jo tie akt\u012bvi darbojas un organiz\u0113 da\u017e\u0101dus pas\u0101kumus un aktivit\u0101tes.<\/p>\n\n\n\n<p><strong>M\u016bsu kontakti<\/strong><\/p>\n\n\n\n<p>Biedr\u012bba ERFOLG<\/p>\n\n\n\n<p>Daugavpils, Mihoelsa iela 7-1a<\/p>\n\n\n\n<p>T\u0101lr., WhatsApp +371 22329443<\/p>\n\n\n\n<p>Reg. numurs: 40008006251<\/p>\n\n\n\n<p>Banka Konts: LV07RIKO0002930318860<\/p>\n\n\n\n<p>E-pasts: <a href=\"mailto:erfolg@inbox.lv\">erfolg@inbox.lv<\/a><\/p>\n\n\n\n<p>Facebook @Erfolg.Biedriba<\/p>\n\n\n\n<figure class=\"wp-block-image size-large is-resized\"><img decoding=\"async\" loading=\"lazy\" src=\"http:\/\/erfolg.lv\/wp-content\/uploads\/2024\/09\/4b45c7aa395689bd631029c9cb490a4b-0-2-724x1024.jpg\" alt=\"\" class=\"wp-image-1022\" width=\"724\" height=\"1024\" srcset=\"https:\/\/erfolg.lv\/wp-content\/uploads\/2024\/09\/4b45c7aa395689bd631029c9cb490a4b-0-2-724x1024.jpg 724w, https:\/\/erfolg.lv\/wp-content\/uploads\/2024\/09\/4b45c7aa395689bd631029c9cb490a4b-0-2-212x300.jpg 212w, https:\/\/erfolg.lv\/wp-content\/uploads\/2024\/09\/4b45c7aa395689bd631029c9cb490a4b-0-2-768x1086.jpg 768w, https:\/\/erfolg.lv\/wp-content\/uploads\/2024\/09\/4b45c7aa395689bd631029c9cb490a4b-0-2-1086x1536.jpg 1086w, https:\/\/erfolg.lv\/wp-content\/uploads\/2024\/09\/4b45c7aa395689bd631029c9cb490a4b-0-2-1448x2048.jpg 1448w, https:\/\/erfolg.lv\/wp-content\/uploads\/2024\/09\/4b45c7aa395689bd631029c9cb490a4b-0-2.jpg 1654w\" sizes=\"(max-width: 724px) 100vw, 724px\" \/><\/figure>\n\n\n\n<figure class=\"wp-block-image size-large is-resized\"><img decoding=\"async\" loading=\"lazy\" src=\"http:\/\/erfolg.lv\/wp-content\/uploads\/2024\/09\/4b45c7aa395689bd631029c9cb490a4b-1-2-724x1024.jpg\" alt=\"\" class=\"wp-image-1023\" width=\"724\" height=\"1024\" srcset=\"https:\/\/erfolg.lv\/wp-content\/uploads\/2024\/09\/4b45c7aa395689bd631029c9cb490a4b-1-2-724x1024.jpg 724w, https:\/\/erfolg.lv\/wp-content\/uploads\/2024\/09\/4b45c7aa395689bd631029c9cb490a4b-1-2-212x300.jpg 212w, https:\/\/erfolg.lv\/wp-content\/uploads\/2024\/09\/4b45c7aa395689bd631029c9cb490a4b-1-2-768x1086.jpg 768w, https:\/\/erfolg.lv\/wp-content\/uploads\/2024\/09\/4b45c7aa395689bd631029c9cb490a4b-1-2-1086x1536.jpg 1086w, https:\/\/erfolg.lv\/wp-content\/uploads\/2024\/09\/4b45c7aa395689bd631029c9cb490a4b-1-2-1448x2048.jpg 1448w, https:\/\/erfolg.lv\/wp-content\/uploads\/2024\/09\/4b45c7aa395689bd631029c9cb490a4b-1-2.jpg 1654w\" sizes=\"(max-width: 724px) 100vw, 724px\" \/><\/figure>\n\n\n\n<figure class=\"wp-block-image size-large\"><img decoding=\"async\" loading=\"lazy\" width=\"724\" height=\"1024\" src=\"http:\/\/erfolg.lv\/wp-content\/uploads\/2024\/09\/4b45c7aa395689bd631029c9cb490a4b-2-1-724x1024.jpg\" alt=\"\" class=\"wp-image-1025\" srcset=\"https:\/\/erfolg.lv\/wp-content\/uploads\/2024\/09\/4b45c7aa395689bd631029c9cb490a4b-2-1-724x1024.jpg 724w, https:\/\/erfolg.lv\/wp-content\/uploads\/2024\/09\/4b45c7aa395689bd631029c9cb490a4b-2-1-212x300.jpg 212w, https:\/\/erfolg.lv\/wp-content\/uploads\/2024\/09\/4b45c7aa395689bd631029c9cb490a4b-2-1-768x1086.jpg 768w, https:\/\/erfolg.lv\/wp-content\/uploads\/2024\/09\/4b45c7aa395689bd631029c9cb490a4b-2-1-1086x1536.jpg 1086w, https:\/\/erfolg.lv\/wp-content\/uploads\/2024\/09\/4b45c7aa395689bd631029c9cb490a4b-2-1-1448x2048.jpg 1448w, https:\/\/erfolg.lv\/wp-content\/uploads\/2024\/09\/4b45c7aa395689bd631029c9cb490a4b-2-1.jpg 1654w\" sizes=\"(max-width: 724px) 100vw, 724px\" \/><\/figure>\n\n\n\n<figure class=\"wp-block-image size-large\"><img decoding=\"async\" loading=\"lazy\" width=\"724\" height=\"1024\" src=\"http:\/\/erfolg.lv\/wp-content\/uploads\/2024\/09\/4b45c7aa395689bd631029c9cb490a4b-3-1-724x1024.jpg\" alt=\"\" class=\"wp-image-1026\" srcset=\"https:\/\/erfolg.lv\/wp-content\/uploads\/2024\/09\/4b45c7aa395689bd631029c9cb490a4b-3-1-724x1024.jpg 724w, https:\/\/erfolg.lv\/wp-content\/uploads\/2024\/09\/4b45c7aa395689bd631029c9cb490a4b-3-1-212x300.jpg 212w, https:\/\/erfolg.lv\/wp-content\/uploads\/2024\/09\/4b45c7aa395689bd631029c9cb490a4b-3-1-768x1086.jpg 768w, https:\/\/erfolg.lv\/wp-content\/uploads\/2024\/09\/4b45c7aa395689bd631029c9cb490a4b-3-1-1086x1536.jpg 1086w, https:\/\/erfolg.lv\/wp-content\/uploads\/2024\/09\/4b45c7aa395689bd631029c9cb490a4b-3-1-1448x2048.jpg 1448w, https:\/\/erfolg.lv\/wp-content\/uploads\/2024\/09\/4b45c7aa395689bd631029c9cb490a4b-3-1.jpg 1654w\" sizes=\"(max-width: 724px) 100vw, 724px\" \/><\/figure>\n\n\n\n<figure class=\"wp-block-image size-large\"><img decoding=\"async\" loading=\"lazy\" width=\"724\" height=\"1024\" src=\"http:\/\/erfolg.lv\/wp-content\/uploads\/2024\/09\/4b45c7aa395689bd631029c9cb490a4b-4-1-724x1024.jpg\" alt=\"\" class=\"wp-image-1027\" srcset=\"https:\/\/erfolg.lv\/wp-content\/uploads\/2024\/09\/4b45c7aa395689bd631029c9cb490a4b-4-1-724x1024.jpg 724w, https:\/\/erfolg.lv\/wp-content\/uploads\/2024\/09\/4b45c7aa395689bd631029c9cb490a4b-4-1-212x300.jpg 212w, https:\/\/erfolg.lv\/wp-content\/uploads\/2024\/09\/4b45c7aa395689bd631029c9cb490a4b-4-1-768x1086.jpg 768w, https:\/\/erfolg.lv\/wp-content\/uploads\/2024\/09\/4b45c7aa395689bd631029c9cb490a4b-4-1-1086x1536.jpg 1086w, https:\/\/erfolg.lv\/wp-content\/uploads\/2024\/09\/4b45c7aa395689bd631029c9cb490a4b-4-1-1448x2048.jpg 1448w, https:\/\/erfolg.lv\/wp-content\/uploads\/2024\/09\/4b45c7aa395689bd631029c9cb490a4b-4-1.jpg 1654w\" sizes=\"(max-width: 724px) 100vw, 724px\" \/><\/figure>\n\n\n\n<figure class=\"wp-block-image size-large\"><img decoding=\"async\" loading=\"lazy\" width=\"724\" height=\"1024\" src=\"http:\/\/erfolg.lv\/wp-content\/uploads\/2024\/09\/4b45c7aa395689bd631029c9cb490a4b-5-1-724x1024.jpg\" alt=\"\" class=\"wp-image-1028\" srcset=\"https:\/\/erfolg.lv\/wp-content\/uploads\/2024\/09\/4b45c7aa395689bd631029c9cb490a4b-5-1-724x1024.jpg 724w, https:\/\/erfolg.lv\/wp-content\/uploads\/2024\/09\/4b45c7aa395689bd631029c9cb490a4b-5-1-212x300.jpg 212w, https:\/\/erfolg.lv\/wp-content\/uploads\/2024\/09\/4b45c7aa395689bd631029c9cb490a4b-5-1-768x1086.jpg 768w, https:\/\/erfolg.lv\/wp-content\/uploads\/2024\/09\/4b45c7aa395689bd631029c9cb490a4b-5-1-1086x1536.jpg 1086w, https:\/\/erfolg.lv\/wp-content\/uploads\/2024\/09\/4b45c7aa395689bd631029c9cb490a4b-5-1-1448x2048.jpg 1448w, https:\/\/erfolg.lv\/wp-content\/uploads\/2024\/09\/4b45c7aa395689bd631029c9cb490a4b-5-1.jpg 1654w\" sizes=\"(max-width: 724px) 100vw, 724px\" \/><\/figure>\n","protected":false},"excerpt":{"rendered":"<p>V\u0113sture Biedr\u012bba ERFOLG tika dibin\u0101ta 1994.gad\u0101. T\u0101s izveides iniciators bija Georgs Jesse, bet par biedr\u012bbas pirmo priek\u0161s\u0113d\u0113taju k\u013cuva Sib\u012brij\u0101 dzimu\u0161ais v\u0101cietis Voldem\u0101rs Elerts. 2005. gad\u0101 par biedr\u012bbas priek\u0161s\u0113d\u0113t\u0101ju tika iev\u0113l\u0113ta Olga Jesse, kuras vad\u012bb\u0101 biedr\u012bba reorganiz\u0113j\u0101s, mainot savas priorit\u0101tes un atverot durvis visiem interesentiem, kuriem interes\u0113 v\u0101cu kult\u016bra, valoda un v\u0113sture. Galven\u0101s priorit\u0101tes un darb\u012bbas [&hellip;]<\/p>\n","protected":false},"author":1,"featured_media":0,"parent":0,"menu_order":0,"comment_status":"closed","ping_status":"open","template":"","meta":[],"_links":{"self":[{"href":"https:\/\/erfolg.lv\/index.php?rest_route=\/wp\/v2\/pages\/14"}],"collection":[{"href":"https:\/\/erfolg.lv\/index.php?rest_route=\/wp\/v2\/pages"}],"about":[{"href":"https:\/\/erfolg.lv\/index.php?rest_route=\/wp\/v2\/types\/page"}],"author":[{"embeddable":true,"href":"https:\/\/erfolg.lv\/index.php?rest_route=\/wp\/v2\/users\/1"}],"replies":[{"embeddable":true,"href":"https:\/\/erfolg.lv\/index.php?rest_route=%2Fwp%2Fv2%2Fcomments&post=14"}],"version-history":[{"count":8,"href":"https:\/\/erfolg.lv\/index.php?rest_route=\/wp\/v2\/pages\/14\/revisions"}],"predecessor-version":[{"id":4508,"href":"https:\/\/erfolg.lv\/index.php?rest_route=\/wp\/v2\/pages\/14\/revisions\/4508"}],"wp:attachment":[{"href":"https:\/\/erfolg.lv\/index.php?rest_route=%2Fwp%2Fv2%2Fmedia&parent=14"}],"curies":[{"name":"wp","href":"https:\/\/api.w.org\/{rel}","templated":true}]}}