{"id":100,"date":"2023-05-01T21:06:27","date_gmt":"2023-05-01T21:06:27","guid":{"rendered":"http:\/\/erfolg.lv\/?page_id=100"},"modified":"2026-01-13T13:32:15","modified_gmt":"2026-01-13T13:32:15","slug":"vacu-valodas-kursi","status":"publish","type":"page","link":"https:\/\/erfolg.lv\/?page_id=100&lang=lv","title":{"rendered":"<strong>V\u0100CU VALODAS KURSI<\/strong>"},"content":{"rendered":"\n<p><strong>V\u0100CU VALODAS KURSI PIEAUGU\u0160AJIEM UN B\u0112RNIEM. JEBKUR\u0160 ZIN\u0100\u0160ANU L\u012aMENIS<\/strong><\/p>\n\n\n\n<figure class=\"is-layout-flex wp-block-gallery-1 wp-block-gallery has-nested-images columns-default is-cropped\">\n<figure class=\"wp-block-image size-large\"><img decoding=\"async\" loading=\"lazy\" width=\"940\" height=\"788\" data-id=\"101\"  src=\"http:\/\/erfolg.lv\/wp-content\/uploads\/2023\/05\/345605503_627376329252182_7171243101137613396_n-1.jpg\" alt=\"\" class=\"wp-image-101\" srcset=\"https:\/\/erfolg.lv\/wp-content\/uploads\/2023\/05\/345605503_627376329252182_7171243101137613396_n-1.jpg 940w, https:\/\/erfolg.lv\/wp-content\/uploads\/2023\/05\/345605503_627376329252182_7171243101137613396_n-1-300x251.jpg 300w, https:\/\/erfolg.lv\/wp-content\/uploads\/2023\/05\/345605503_627376329252182_7171243101137613396_n-1-768x644.jpg 768w\" sizes=\"(max-width: 940px) 100vw, 940px\" \/><\/figure>\n\n\n\n<figure class=\"wp-block-image size-large\"><img decoding=\"async\" loading=\"lazy\" width=\"726\" height=\"1024\" data-id=\"68\"  src=\"http:\/\/erfolg.lv\/wp-content\/uploads\/2023\/05\/340759719_1603107380168924_2870161921346504877_n-726x1024.jpg\" alt=\"\" class=\"wp-image-68\" srcset=\"https:\/\/erfolg.lv\/wp-content\/uploads\/2023\/05\/340759719_1603107380168924_2870161921346504877_n-726x1024.jpg 726w, https:\/\/erfolg.lv\/wp-content\/uploads\/2023\/05\/340759719_1603107380168924_2870161921346504877_n-213x300.jpg 213w, https:\/\/erfolg.lv\/wp-content\/uploads\/2023\/05\/340759719_1603107380168924_2870161921346504877_n-768x1083.jpg 768w, https:\/\/erfolg.lv\/wp-content\/uploads\/2023\/05\/340759719_1603107380168924_2870161921346504877_n-1090x1536.jpg 1090w, https:\/\/erfolg.lv\/wp-content\/uploads\/2023\/05\/340759719_1603107380168924_2870161921346504877_n.jpg 1240w\" sizes=\"(max-width: 726px) 100vw, 726px\" \/><\/figure>\n\n\n\n<figure class=\"wp-block-image size-large\"><img decoding=\"async\" loading=\"lazy\" width=\"960\" height=\"720\" data-id=\"50\"  src=\"http:\/\/erfolg.lv\/wp-content\/uploads\/2023\/05\/69955879_2612778972073915_1240551408814522368_n-4.jpg\" alt=\"\" class=\"wp-image-50\" srcset=\"https:\/\/erfolg.lv\/wp-content\/uploads\/2023\/05\/69955879_2612778972073915_1240551408814522368_n-4.jpg 960w, https:\/\/erfolg.lv\/wp-content\/uploads\/2023\/05\/69955879_2612778972073915_1240551408814522368_n-4-300x225.jpg 300w, https:\/\/erfolg.lv\/wp-content\/uploads\/2023\/05\/69955879_2612778972073915_1240551408814522368_n-4-768x576.jpg 768w\" sizes=\"(max-width: 960px) 100vw, 960px\" \/><\/figure>\n<\/figure>\n\n\n\n<p>Pied\u0101v\u0101j\u0101m v\u0101cu valodas kursus pieaugu\u0161ajiem un b\u0113rniem, AR un BEZ priek\u0161zin\u0101\u0161an\u0101m. Str\u0101d\u0101j\u0101m grup\u0101s un individu\u0101li. K\u0101 ar\u012b pied\u0101v\u0101j\u0101m v\u0101cu valodas apguvi att\u0101lin\u0101ti, ZOOM vai Skype virtu\u0101laj\u0101s telp\u0101s, Jums \u0113rt\u0101 laik\u0101 un viet\u0101.<\/p>\n\n\n\n<p>Maksa par nodarb\u012bb\u0101m grup\u0101s \u2013 4 EUR stund\u0101, individu\u0101l\u0101s nodarb\u012bbas (intens\u012bvas), kl\u0101tien\u0113 un att\u0101lin\u0101ti (ZOOM, Skype) \u2013 15 EUR stund\u0101 (apmaks\u0101jot 10 nodarb\u012bbas uzreiz, 12 EUR stund\u0101). Biedr\u012bbas ERFOLG biedriem un atn\u0101kot divat\u0101, atlaide 10%.<\/p>\n\n\n\n<p>M\u016bsu kursi b\u016bs noder\u012bgi tiem, kuri:<\/p>\n\n\n\n<ul>\n<li>nekad iepriek\u0161 nav m\u0101c\u012bju\u0161ies v\u0101cu valodu;<\/li>\n\n\n\n<li>ir m\u0101c\u012bju\u0161ies valodu skol\u0101 vai universit\u0101t\u0113, bet nav to apguvu\u0161i;<\/li>\n\n\n\n<li>ir fragment\u0101ras zin\u0101\u0161anas un v\u0113las turpin\u0101t m\u0101c\u012bties;<\/li>\n\n\n\n<li>v\u0113l\u0101s pilnveidot savu v\u0101cu valodu personiskajos vai profesion\u0101lajos m\u0113r\u0137os.<\/li>\n<\/ul>\n\n\n\n<p><strong>Kursu nobeigum\u0101, neatkar\u012bgi no izv\u0113l\u0113tas apm\u0101c\u012bbu formas, izsniedzam m\u0101c\u012bbu centra ERFOLG sertifik\u0101tus, kas apliecin\u0101s J\u016bsu v\u0101cu valodas zin\u0101\u0161anas Latvij\u0101 un citur.<\/strong><\/p>\n\n\n\n<p><strong>INDIVIDU\u0100L\u0100S V\u0100CU VALODAS NODARB\u012aBAS<\/strong><\/p>\n\n\n\n<p>M\u0113s pied\u0101v\u0101jam:<\/p>\n\n\n\n<p>vieglu un efekt\u012bvu v\u0101cu valodas apguvi.<\/p>\n\n\n\n<p>individu\u0101lu pieeju.<\/p>\n\n\n\n<p>br\u012bvu komunik\u0101ciju ar pasniedz\u0113ju.<\/p>\n\n\n\n<p>regul\u0113jamo nodarb\u012bbas tempu. Nepasp\u0113j\u0101t apg\u016bt visu inform\u0101ciju, ko pasniedz\u0113js jums ir sniedzis? Neb\u0113d\u0101j\u0101ties, j\u016bs varat atgriezties pie \u0161\u012b jaut\u0101juma v\u0113lreiz. Ja, glu\u017ei pret\u0113ji, j\u016bs kaut ko zin\u0101t p\u0101r\u0101k labi, tad neb\u016bs gr\u016bti izlaist \u0161o t\u0113mu.<\/p>\n\n\n\n<p>Elast\u012bgu nodarb\u012bbu sarakstu<strong>,<\/strong> \u0146emot v\u0113r\u0101 J\u016bsu iesp\u0113jas un v\u0113lmes.<\/p>\n\n\n\n<p>Jums piel\u0101goto programmu.<\/p>\n\n\n\n<p>Individu\u0101lo nodarb\u012bbu programma tiek veidota saska\u0146\u0101 ar J\u016bsu v\u0113lm\u0113m, un stundu skaits tiek noteikts atbilsto\u0161i J\u016bsu vajadz\u012bb\u0101m. Par pamatu tiek \u0146emta programma, ko pied\u0101v\u0101jam standarta valodu apguves grup\u0101s. Vienas nodarb\u012bbas maksa ir 15 eiro par nodarb\u012bbu (45 min\u016btes). Ja apmaks\u0101siet uzreiz 10 nodarb\u012bbas, tad 12 eiro par nodarb\u012bbu.<\/p>\n\n\n\n<p>P\u0113c kursu beig\u0161anas un eks\u0101mena nok\u0101rto\u0161anas tiek izsniegts m\u0101c\u012bbu centra &#171;ERFOLG&#187; sertifik\u0101ts.<\/p>\n\n\n\n<p>Vienas nodarb\u012bbas cena <strong>15 EUR<\/strong> (45 min\u016btes). Apmaks\u0101jot 10 nodarb\u012bbas uzreiz, 12 EUR stund\u0101. Biedr\u012bbas ERFOLG biedriem un atn\u0101kot divat\u0101, atlaide 10%.<\/p>\n\n\n\n<p><strong>V\u0100CU VALODAS NODARB\u012aBAS GRUP\u0100S<\/strong><\/p>\n\n\n\n<p>M\u016bsu v\u0101cu valodas nodarb\u012bbas grup\u0101s ir piem\u0113rotas tiem, kas v\u0113las:<\/p>\n\n\n\n<p><em>viegli un \u0101tri p\u0101rvar\u0113t valodas barjeru<\/em>. J\u016bs komunic\u0113siet nevis ar vienu, bet ar vair\u0101kiem cilv\u0113kiem. Bailes run\u0101t ar sve\u0161inieku sve\u0161valod\u0101 praktiski izzud\u012bs.<\/p>\n\n\n\n<p><em>iem\u0101c\u012bties lab\u0101k saprast sve\u0161valodu.<\/em> Katram cilv\u0113kam ir savs izrunas veids, un jo vair\u0101k paz\u012bmju dzirdat klas\u0113, jo viegl\u0101k b\u016bs re\u0101laj\u0101 dz\u012bv\u0113.<\/p>\n\n\n\n<p><em>ieg\u016bt jaunas pazi\u0146as vai dod priek\u0161roku dz\u012bvai sazi\u0146ai.<\/em> Str\u0101d\u0101t grup\u0101 vienm\u0113r ir interesant\u0101k nek\u0101 ar vienu skolot\u0101ju. Jaunas iepaz\u012b\u0161an\u0101s, interesantas sarunas, aizraujo\u0161as lingvistiskas sp\u0113les, re\u0101l\u0101s dz\u012bves situ\u0101cijas &#8212; visi \u0161ie pat\u012bkamie br\u012b\u017ei k\u013c\u016bst par m\u0101c\u012bbu procesa neat\u0146emamu sast\u0101vda\u013cu un padara to daudz aizraujo\u0161\u0101ku un produkt\u012bv\u0101ku.<\/p>\n\n\n\n<p><em>ietaup\u012bt.<\/em> V\u0113l viena nenoliedzama grupu nodarb\u012bbu priek\u0161roc\u012bba ir kursu izmaksas. Grupu nodarb\u012bbas ir l\u0113t\u0101kas nek\u0101 individu\u0101l\u0101s \u2013 daudziem tas var b\u016bt noteico\u0161ais faktors.<\/p>\n\n\n\n<p>M\u0101c\u012bbu centr\u0101 ERFOLG grupas tiek veidotas atbilsto\u0161i zin\u0101\u0161anu l\u012bmenim. Nodarb\u012bbas notiek 2 reizes ned\u0113\u013c\u0101 pa 1 nodarb\u012bbu vai 1 reizi ned\u0113\u013c\u0101 pa 2 nodarb\u012bb\u0101m (p\u0113c vieno\u0161an\u0101s ar grupu). Vienas nodarb\u012bbas maksa ir <strong>4 EURO<\/strong> par nodarb\u012bbu (45 min\u016btes). Maks\u0101jums m\u0113nes\u012b 32 eiro. Biedr\u012bbas &#171;ERFOLG&#187; biedriem vai atn\u0101kot divat\u0101, 10% atlaide.<\/p>\n\n\n\n<p><strong>V\u0100CU VALODAS KURSI ATT\u0100LIN\u0100TI<\/strong><\/p>\n\n\n\n<p>V\u0101cu valodas nodarb\u012bbas att\u0101lin\u0101ti ir dom\u0101ti tiem, kuru dz\u012bves ritms vai eso\u0161\u0101 dz\u012bvesvieta liedz apmekl\u0113t sve\u0161valodu kursus kl\u0101tien\u0113. Izmantojot m\u016bsdienu tehnolo\u0123iju priek\u0161roc\u012bbas \u2013 J\u016bs var\u0113siet tikties ar pasniedz\u0113ju att\u0101lin\u0101ti sev v\u0113lam\u0101 laik\u0101 un viet\u0101.<\/p>\n\n\n\n<p>Nodarb\u012bbas notiek, izmantojot bezmaksas lietojumprogrammas Skype vai Zoom, kas \u013cauj veikt videozvanus tie\u0161saist\u0113. Lai m\u0101c\u012btos valodu, nepiecie\u0161ams tikai dators vai mobilais t\u0101lrunis ar interneta piesl\u0113gumu.<\/p>\n\n\n\n<p>M\u0101c\u012bbu centrs ERFOLG pied\u0101v\u0101 tie\u0161saistes v\u0101cu valodas nodarb\u012bbas tie\u0161saist\u0113 gan ies\u0101c\u0113jiem, gan tiem, kuri ir nepiecie\u0161ama papildus valodas apguve profesion\u0101laj\u0101 vai ikdienas dz\u012bv\u0113.<\/p>\n\n\n\n<p>Vienas nodarb\u012bbas cena \u2013 15 EUR\/45 min\u016btes. Biedr\u012bbas &#171;ERFOLG&#187; biedriem vai atn\u0101kot divat\u0101, 10% atlaide.<\/p>\n\n\n\n<p><strong>V\u0100CU VALODAS KURSI AR GOETHE INSTIT\u016aTA ATBALSTU PIEAUGU\u0160AJIEM BEZ ZIN\u0100\u0160AN\u0100M (A1-A2) UN AR ZIN\u0100\u0160AN\u0100M<\/strong><\/p>\n\n\n\n<p>Ja Jums ir gr\u016bti \u012bs\u0101 laik\u0101 apg\u016bt lielu inform\u0101cijas apjomu, pied\u0101v\u0101jam Jums v\u0101cu valodas apguvi p\u0113c GOETHE instit\u016bta programmas. Sakar\u0101 ar to, ka nodarb\u012bbas notiek reizi ned\u0113\u013c\u0101, 2 akad\u0113miskas stundas, jums b\u016bs vair\u0101k laika, lai apg\u016btu aptverto materi\u0101lu. Turkl\u0101t viena nodarb\u012bba \u0161\u012bs programmas ietvaros Jums izmaks\u0101s tikai <strong>2,5 EUR ( 20 EUR m\u0113nes\u012b)<\/strong>, bet biedr\u012bbas ERFOLG biedriem 1 eiro par nodarb\u012bbu jeb 8 eiro m\u0113nes\u012b.<\/p>\n\n\n\n<p><strong>V\u0100CU VALODAS KURSI B\u0112RNIEM AR UN BEZ ZIN\u0100M\u0100M<\/strong><\/p>\n\n\n\n<p>Pied\u0101v\u0101jam v\u0101cu valodas kursus b\u0113rniem no 4 l\u012bdz 16 gadiem. Grupu un individu\u0101l\u0101s nodarb\u012bbas notiek kl\u0101tien\u0113 un att\u0101lin\u0101ti. Apm\u0101c\u012bbu programma tiek sagatavota atbilsto\u0161i J\u016bsu b\u0113rna vecumam, k\u0101 ar\u012b atbilsto\u0161i zin\u0101\u0161anu l\u012bmenim.<\/p>\n\n\n\n<p>Nodarb\u012bbas grup\u0101s notiek 2 reizes ned\u0113\u013c\u0101 pa 1 nodarb\u012bbu vai 1 reizi ned\u0113\u013c\u0101 pa 2 nodarb\u012bb\u0101m (p\u0113c vieno\u0161an\u0101s ar grupu). Nodarb\u012bbu maksa ir 4 eiro par nodarb\u012bbu (45 min\u016btes). Maks\u0101jums m\u0113nes\u012b 32 eiro. Individu\u0101lo nodarb\u012bbu maksa b\u0113rniem &#8212; 15 eiro par nodarb\u012bbu. Biedr\u012bbas &#171;ERFOLG&#187; biedriem vai atn\u0101kot divat\u0101 10% atlaide.<\/p>\n\n\n\n<p>Ja j\u016bs izv\u0113l\u0113j\u0101ties Jums piem\u0113roto apm\u0101c\u012bbu formu un esat gatavi uzs\u0101kt v\u0101cu valodas apg\u016b\u0161anu, aicin\u0101m pieteikties m\u016bsu kursam, aizpildot elektronisko anketu <a href=\"https:\/\/ej.uz\/erfolgdeutsch\">https:\/\/ej.uz\/erfolgdeutsch<\/a> vai uzzvanot mums pa 22329443. Zvaniet ar\u012b, ja ir jaut\u0101jumi un nov\u0113l\u0113jumi. Esam atv\u0113rti sadarb\u012bbai!<\/p>\n\n\n\n<p>Biedr\u012bba ERFOLG<\/p>\n\n\n\n<p>Daugavpils, Mihoelsa iela 7-1a<\/p>\n\n\n\n<p>T\u0101lr., WhatsApp +371 22329443<\/p>\n\n\n\n<p>E-pasts: <a href=\"mailto:erfolg@inbox.lv\">erfolg@inbox.lv<\/a> Facebook @Erfolg.Biedriba<\/p>\n","protected":false},"excerpt":{"rendered":"<p>V\u0100CU VALODAS KURSI PIEAUGU\u0160AJIEM UN B\u0112RNIEM. JEBKUR\u0160 ZIN\u0100\u0160ANU L\u012aMENIS Pied\u0101v\u0101j\u0101m v\u0101cu valodas kursus pieaugu\u0161ajiem un b\u0113rniem, AR un BEZ priek\u0161zin\u0101\u0161an\u0101m. Str\u0101d\u0101j\u0101m grup\u0101s un individu\u0101li. K\u0101 ar\u012b pied\u0101v\u0101j\u0101m v\u0101cu valodas apguvi att\u0101lin\u0101ti, ZOOM vai Skype virtu\u0101laj\u0101s telp\u0101s, Jums \u0113rt\u0101 laik\u0101 un viet\u0101. Maksa par nodarb\u012bb\u0101m grup\u0101s \u2013 4 EUR stund\u0101, individu\u0101l\u0101s nodarb\u012bbas (intens\u012bvas), kl\u0101tien\u0113 un att\u0101lin\u0101ti [&hellip;]<\/p>\n","protected":false},"author":1,"featured_media":0,"parent":66,"menu_order":0,"comment_status":"closed","ping_status":"closed","template":"","meta":[],"_links":{"self":[{"href":"https:\/\/erfolg.lv\/index.php?rest_route=\/wp\/v2\/pages\/100"}],"collection":[{"href":"https:\/\/erfolg.lv\/index.php?rest_route=\/wp\/v2\/pages"}],"about":[{"href":"https:\/\/erfolg.lv\/index.php?rest_route=\/wp\/v2\/types\/page"}],"author":[{"embeddable":true,"href":"https:\/\/erfolg.lv\/index.php?rest_route=\/wp\/v2\/users\/1"}],"replies":[{"embeddable":true,"href":"https:\/\/erfolg.lv\/index.php?rest_route=%2Fwp%2Fv2%2Fcomments&post=100"}],"version-history":[{"count":2,"href":"https:\/\/erfolg.lv\/index.php?rest_route=\/wp\/v2\/pages\/100\/revisions"}],"predecessor-version":[{"id":5297,"href":"https:\/\/erfolg.lv\/index.php?rest_route=\/wp\/v2\/pages\/100\/revisions\/5297"}],"up":[{"embeddable":true,"href":"https:\/\/erfolg.lv\/index.php?rest_route=\/wp\/v2\/pages\/66"}],"wp:attachment":[{"href":"https:\/\/erfolg.lv\/index.php?rest_route=%2Fwp%2Fv2%2Fmedia&parent=100"}],"curies":[{"name":"wp","href":"https:\/\/api.w.org\/{rel}","templated":true}]}}