{"id":89,"date":"2023-05-01T20:42:26","date_gmt":"2023-05-01T20:42:26","guid":{"rendered":"http:\/\/erfolg.lv\/?page_id=89"},"modified":"2023-05-21T20:43:35","modified_gmt":"2023-05-21T20:43:35","slug":"anglu-valodas-kursi","status":"publish","type":"page","link":"http:\/\/erfolg.lv\/?page_id=89&lang=lv","title":{"rendered":"<strong>ANG\u013bU VALODAS KURSI<\/strong>"},"content":{"rendered":"\n<p>M\u0101c\u012bbu centrs ERFOLG pied\u0101v\u0101 ang\u013cu valodas kursus PIEAUGU\u0160AJIEM un B\u0112RNIEM, ar un bez priek\u0161zin\u0101\u0161an\u0101m.<\/p>\n\n\n\n<p>M\u016bsu pieredz\u0113ju\u0161ie pasniedz\u0113ji pal\u012bdz\u0113s jums apg\u016bt ang\u013cu valodu saska\u0146\u0101 ar j\u016bsu vajadz\u012bb\u0101m un v\u0113lm\u0113m, pilnveidos J\u016bsu mutisko un rakstisko valodas prasmi.<\/p>\n\n\n\n<p>Iesp\u0113jam\u0101s apm\u0101c\u012bbu formas:<\/p>\n\n\n\n<p><strong>Individu\u0101l\u0101s nodarb\u012bbas, <\/strong>kuru programma tiek veidota saska\u0146\u0101 ar J\u016bsu v\u0113lm\u0113m, un stundu skaits tiek noteikts atbilsto\u0161i J\u016bsu vajadz\u012bb\u0101m. Nodarb\u012bbas var norisin\u0101ties kl\u0101tien\u0113, m\u016bsu m\u0101c\u012bbu centra \u0113rtaj\u0101 auditorij\u0101, un att\u0101lin\u0101ti, Skype jeb ZOOM platform\u0101.<\/p>\n\n\n\n<p>Viena individu\u0101l\u0101 nodarb\u012bba ir paredz\u0113ta 1 vai 2 klientiem vienlaic\u012bgi un ilgst 45 min\u016btes.<\/p>\n\n\n\n<p><strong>Grupu nodarb\u012bbas.<\/strong> Apm\u0101c\u012bbas, k\u0101 likums, notiek neliel\u0101s grup\u0101s, no 5 l\u012bdz 10 cilv\u0113kiem, kas veicina cie\u0161\u0101ku sazi\u0146u starp pasniedz\u0113ju un studentiem ang\u013cu valod\u0101. T\u0101d\u0113j\u0101di nodarb\u012bbas grup\u0101s ir lieliska iesp\u0113ja uzlabot savas sarunvalodas prasmes neform\u0101l\u0101 vid\u0113.<\/p>\n\n\n\n<p>Vienas individu\u0101l\u0101s nodarb\u012bbas cena \u2013 <strong>15 EUR<\/strong>\/45 min\u016btes (apmaks\u0101jot 10 nodarb\u012bbas uzreiz, 12 EUR stund\u0101), nodarb\u012bbas grup\u0101 \u2013 <strong>4 EUR<\/strong>\/45 min\u016btes. Biedr\u012bbas ERFOLG biedriem un atn\u0101kot divat\u0101, atlaide 10%.<\/p>\n\n\n\n<p>Pieteik\u0161an\u0101s apm\u0101c\u012bb\u0101m p\u0113c t\u0101lru\u0146a +371 22 32 94 43<\/p>\n\n\n\n<p>M\u016bsu kontakti:<\/p>\n\n\n\n<p>Biedr\u012bba ERFOLG<\/p>\n\n\n\n<p>Daugavpils, Mihoelsa iela 7-1a<\/p>\n\n\n\n<p>T\u0101lr., WhatsApp +371 22329443<\/p>\n\n\n\n<p>E-pasts: erfolg@inbox.lv<\/p>\n\n\n\n<p>Facebook @Erfolg.Biedriba<\/p>\n","protected":false},"excerpt":{"rendered":"<p>M\u0101c\u012bbu centrs ERFOLG pied\u0101v\u0101 ang\u013cu valodas kursus PIEAUGU\u0160AJIEM un B\u0112RNIEM, ar un bez priek\u0161zin\u0101\u0161an\u0101m. M\u016bsu pieredz\u0113ju\u0161ie pasniedz\u0113ji pal\u012bdz\u0113s jums apg\u016bt ang\u013cu valodu saska\u0146\u0101 ar j\u016bsu vajadz\u012bb\u0101m un v\u0113lm\u0113m, pilnveidos J\u016bsu mutisko un rakstisko valodas prasmi. Iesp\u0113jam\u0101s apm\u0101c\u012bbu formas: Individu\u0101l\u0101s nodarb\u012bbas, kuru programma tiek veidota saska\u0146\u0101 ar J\u016bsu v\u0113lm\u0113m, un stundu skaits tiek noteikts atbilsto\u0161i J\u016bsu [&hellip;]<\/p>\n","protected":false},"author":1,"featured_media":73,"parent":66,"menu_order":0,"comment_status":"closed","ping_status":"closed","template":"","meta":[],"_links":{"self":[{"href":"http:\/\/erfolg.lv\/index.php?rest_route=\/wp\/v2\/pages\/89"}],"collection":[{"href":"http:\/\/erfolg.lv\/index.php?rest_route=\/wp\/v2\/pages"}],"about":[{"href":"http:\/\/erfolg.lv\/index.php?rest_route=\/wp\/v2\/types\/page"}],"author":[{"embeddable":true,"href":"http:\/\/erfolg.lv\/index.php?rest_route=\/wp\/v2\/users\/1"}],"replies":[{"embeddable":true,"href":"http:\/\/erfolg.lv\/index.php?rest_route=%2Fwp%2Fv2%2Fcomments&post=89"}],"version-history":[{"count":1,"href":"http:\/\/erfolg.lv\/index.php?rest_route=\/wp\/v2\/pages\/89\/revisions"}],"predecessor-version":[{"id":90,"href":"http:\/\/erfolg.lv\/index.php?rest_route=\/wp\/v2\/pages\/89\/revisions\/90"}],"up":[{"embeddable":true,"href":"http:\/\/erfolg.lv\/index.php?rest_route=\/wp\/v2\/pages\/66"}],"wp:featuredmedia":[{"embeddable":true,"href":"http:\/\/erfolg.lv\/index.php?rest_route=\/wp\/v2\/media\/73"}],"wp:attachment":[{"href":"http:\/\/erfolg.lv\/index.php?rest_route=%2Fwp%2Fv2%2Fmedia&parent=89"}],"curies":[{"name":"wp","href":"https:\/\/api.w.org\/{rel}","templated":true}]}}