{"id":57,"date":"2023-05-09T19:03:27","date_gmt":"2023-05-09T19:03:27","guid":{"rendered":"http:\/\/erfolg.lv\/?page_id=57"},"modified":"2023-05-21T19:07:22","modified_gmt":"2023-05-21T19:07:22","slug":"viesnica-erfolg","status":"publish","type":"page","link":"http:\/\/erfolg.lv\/?page_id=57&lang=lv","title":{"rendered":"<strong>VIESN\u012aCA ERFOLG<\/strong>"},"content":{"rendered":"\n<p>Viesn\u012bca &#171;ERFOLG&#187; ir lieliska vieta nak\u0161\u0146o\u0161anai Daugavpil\u012b. Viesn\u012bca atrodas 900 metru att\u0101lum\u0101 no Daugavpils pils\u0113tas centra, gu\u013camrajon\u0101, t\u0101tad pils\u0113tas troksnis netrauc\u0113s j\u016bsu atp\u016btu p\u0113c gr\u016btas darba dienas. Da\u017eu min\u016b\u0161u pastaigas att\u0101lum\u0101 atrodas p\u0101rtikas veikals. Net\u0101lu izvietojas veikali un kafejn\u012bcas, sabiedrisk\u0101 transporta pieturas, kas padar\u012bs J\u016bsu vieso\u0161anos v\u0113l mobil\u0101ku un \u0113rt\u0101ku.<\/p>\n\n\n\n<figure class=\"wp-block-image size-large\"><img decoding=\"async\" loading=\"lazy\" width=\"1024\" height=\"683\" src=\"http:\/\/erfolg.lv\/wp-content\/uploads\/2023\/05\/001-3-1-min-1-1024x683.jpg\" alt=\"\" class=\"wp-image-58\" srcset=\"http:\/\/erfolg.lv\/wp-content\/uploads\/2023\/05\/001-3-1-min-1-1024x683.jpg 1024w, http:\/\/erfolg.lv\/wp-content\/uploads\/2023\/05\/001-3-1-min-1-300x200.jpg 300w, http:\/\/erfolg.lv\/wp-content\/uploads\/2023\/05\/001-3-1-min-1-768x512.jpg 768w, http:\/\/erfolg.lv\/wp-content\/uploads\/2023\/05\/001-3-1-min-1-1536x1024.jpg 1536w, http:\/\/erfolg.lv\/wp-content\/uploads\/2023\/05\/001-3-1-min-1-2048x1365.jpg 2048w\" sizes=\"(max-width: 1024px) 100vw, 1024px\" \/><figcaption class=\"wp-element-caption\"><em>Viesn\u012bca &#171;ERFOLG&#187; <\/em><\/figcaption><\/figure>\n\n\n\n<p>Viesn\u012bca ir piem\u0113rota komand\u0113jumiem, neform\u0101l\u0101m apm\u0101c\u012bb\u0101m, semin\u0101riem, apmai\u0146\u0101m; \u0123imenes kop\u0101 b\u016b\u0161anai; apst\u0101\u0161anai ar dz\u012bvniekiem.<\/p>\n\n\n\n<p>J\u016bsu r\u012bc\u012bb\u0101:<\/p>\n\n\n\n<ul>\n<li>l\u0113ti numuri\u0146i (gan apartamenti ar virtuvi, gan standarta numuri div\u0101m person\u0101m, ar individu\u0101lu vannas istabu, gan numuri ar lielu gultu skaitu un koplieto\u0161anas vannasistabu \u2013 hoste\u013ca tipa);<\/li>\n\n\n\n<li>pla\u0161a halle pirmaj\u0101 st\u0101v\u0101;<\/li>\n\n\n\n<li>bezmaksas Wi-Fi;<\/li>\n\n\n\n<li>bezmaksas publisk\u0101 autost\u0101vvieta;<\/li>\n\n\n\n<li>kabe\u013ctelev\u012bzija;<\/li>\n\n\n\n<li>neuzkr\u012bto\u0161s, bet uzman\u012bgs person\u0101ls;<\/li>\n<\/ul>\n\n\n\n<p>Par atsevi\u0161\u0137u samaksu ir iesp\u0113jami sekojo\u0161ie pakalpojumi:<\/p>\n\n\n\n<ul>\n<li>sekret\u0101ra\/tulkot\u0101ja pakalpojumi;<\/li>\n\n\n\n<li>iesp\u0113ja kop\u0113t, sken\u0113t un apstr\u0101d\u0101t dokumentus;<\/li>\n\n\n\n<li>ve\u013cas mazg\u0101\u0161ana;<\/li>\n\n\n\n<li>velosip\u0113du noma;<\/li>\n\n\n\n<li>pirts;<\/li>\n\n\n\n<li>par papildu samaksu ir at\u013cauti m\u0101jdz\u012bvnieki.<\/li>\n<\/ul>\n\n\n\n<p>Par pakalpojuma veidu varat vienoties ar m\u016bsu administratoru. Person\u0101ls var ar\u012b sniegt viesiem t\u016brisma un citu noder\u012bgu inform\u0101ciju.<\/p>\n\n\n\n<p>Organiz\u0101cij\u0101m pied\u0101v\u0101jam sl\u0113gt l\u012bgumu par korporat\u012bvajiem pakalpojumiem, bet individu\u0101lajiem klientiem \u2013 lojalit\u0101tes programma. Pametot viesn\u012bcu, tiek izsniegti un sagatavoti visi klientam nepiecie\u0161amie dokumenti.<\/p>\n\n\n\n<figure class=\"is-layout-flex wp-block-gallery-1 wp-block-gallery has-nested-images columns-default is-cropped\">\n<figure class=\"wp-block-image size-large\"><img decoding=\"async\" loading=\"lazy\" width=\"1024\" height=\"683\" data-id=\"60\"  src=\"http:\/\/erfolg.lv\/wp-content\/uploads\/2023\/05\/DSCF5122-2-1024x683.jpg\" alt=\"\" class=\"wp-image-60\" srcset=\"http:\/\/erfolg.lv\/wp-content\/uploads\/2023\/05\/DSCF5122-2-1024x683.jpg 1024w, http:\/\/erfolg.lv\/wp-content\/uploads\/2023\/05\/DSCF5122-2-300x200.jpg 300w, http:\/\/erfolg.lv\/wp-content\/uploads\/2023\/05\/DSCF5122-2-768x512.jpg 768w, http:\/\/erfolg.lv\/wp-content\/uploads\/2023\/05\/DSCF5122-2-1536x1024.jpg 1536w, http:\/\/erfolg.lv\/wp-content\/uploads\/2023\/05\/DSCF5122-2-2048x1365.jpg 2048w\" sizes=\"(max-width: 1024px) 100vw, 1024px\" \/><figcaption class=\"wp-element-caption\">Viesn\u012bca &#171;ERFOLG&#187; ir lieliska vieta nak\u0161\u0146o\u0161anai Daugavpil\u012b.<\/figcaption><\/figure>\n\n\n\n<figure class=\"wp-block-image size-large\"><img decoding=\"async\" loading=\"lazy\" width=\"1024\" height=\"768\" data-id=\"59\"  src=\"http:\/\/erfolg.lv\/wp-content\/uploads\/2023\/05\/20190409_150850-2-1024x768.jpg\" alt=\"\" class=\"wp-image-59\" srcset=\"http:\/\/erfolg.lv\/wp-content\/uploads\/2023\/05\/20190409_150850-2-1024x768.jpg 1024w, http:\/\/erfolg.lv\/wp-content\/uploads\/2023\/05\/20190409_150850-2-300x225.jpg 300w, http:\/\/erfolg.lv\/wp-content\/uploads\/2023\/05\/20190409_150850-2-768x576.jpg 768w, http:\/\/erfolg.lv\/wp-content\/uploads\/2023\/05\/20190409_150850-2-1536x1152.jpg 1536w, http:\/\/erfolg.lv\/wp-content\/uploads\/2023\/05\/20190409_150850-2-2048x1536.jpg 2048w\" sizes=\"(max-width: 1024px) 100vw, 1024px\" \/><figcaption class=\"wp-element-caption\">Halle pirmaj\u0101 st\u0101v\u0101<\/figcaption><\/figure>\n<\/figure>\n\n\n\n<p><strong>VIESU RE\u0122ISTR\u0112\u0160AN\u0100S NOTIEK P\u0112C ZVANA. Stundu pirms iera\u0161an\u0101s, j\u0101sazin\u0101s ar administratoru pa t\u0101lru\u0146i +37125912250, +37122329443 <\/strong>(zvan\u012bt iesp\u0113jams ar\u012b caur Viber vai WhatsApp).<\/p>\n\n\n\n<p>HOTEL ERFOLG<\/p>\n\n\n\n<p>Daugavpils, Nomet\u0146u iela 25a<\/p>\n\n\n\n<p>Biroja adrese: Mihoelsa iela 7-1a, Daugavpils<\/p>\n\n\n\n<p>T\u0101lr., WhatsApp, Viber +371 25912250, +37122329443<\/p>\n\n\n\n<p>E-pasts: <a href=\"mailto:hotelerfolg@outlook.com\">hotelerfolg@outlook.com<\/a><\/p>\n\n\n\n<p><a href=\"http:\/\/www.daugavpilsapartment.lv\/lv\/\">http:\/\/www.daugavpilsapartment.lv\/lv\/<\/a><\/p>\n","protected":false},"excerpt":{"rendered":"<p>Viesn\u012bca &#171;ERFOLG&#187; ir lieliska vieta nak\u0161\u0146o\u0161anai Daugavpil\u012b. Viesn\u012bca atrodas 900 metru att\u0101lum\u0101 no Daugavpils pils\u0113tas centra, gu\u013camrajon\u0101, t\u0101tad pils\u0113tas troksnis netrauc\u0113s j\u016bsu atp\u016btu p\u0113c gr\u016btas darba dienas. Da\u017eu min\u016b\u0161u pastaigas att\u0101lum\u0101 atrodas p\u0101rtikas veikals. Net\u0101lu izvietojas veikali un kafejn\u012bcas, sabiedrisk\u0101 transporta pieturas, kas padar\u012bs J\u016bsu vieso\u0161anos v\u0113l mobil\u0101ku un \u0113rt\u0101ku. Viesn\u012bca ir piem\u0113rota komand\u0113jumiem, neform\u0101l\u0101m [&hellip;]<\/p>\n","protected":false},"author":1,"featured_media":0,"parent":0,"menu_order":0,"comment_status":"closed","ping_status":"closed","template":"","meta":[],"_links":{"self":[{"href":"http:\/\/erfolg.lv\/index.php?rest_route=\/wp\/v2\/pages\/57"}],"collection":[{"href":"http:\/\/erfolg.lv\/index.php?rest_route=\/wp\/v2\/pages"}],"about":[{"href":"http:\/\/erfolg.lv\/index.php?rest_route=\/wp\/v2\/types\/page"}],"author":[{"embeddable":true,"href":"http:\/\/erfolg.lv\/index.php?rest_route=\/wp\/v2\/users\/1"}],"replies":[{"embeddable":true,"href":"http:\/\/erfolg.lv\/index.php?rest_route=%2Fwp%2Fv2%2Fcomments&post=57"}],"version-history":[{"count":1,"href":"http:\/\/erfolg.lv\/index.php?rest_route=\/wp\/v2\/pages\/57\/revisions"}],"predecessor-version":[{"id":61,"href":"http:\/\/erfolg.lv\/index.php?rest_route=\/wp\/v2\/pages\/57\/revisions\/61"}],"wp:attachment":[{"href":"http:\/\/erfolg.lv\/index.php?rest_route=%2Fwp%2Fv2%2Fmedia&parent=57"}],"curies":[{"name":"wp","href":"https:\/\/api.w.org\/{rel}","templated":true}]}}