{"id":125,"date":"2023-05-01T21:57:20","date_gmt":"2023-05-01T21:57:20","guid":{"rendered":"http:\/\/erfolg.lv\/?page_id=125"},"modified":"2025-01-20T09:25:44","modified_gmt":"2025-01-20T09:25:44","slug":"pasapkalposanas-velas-mazgatava","status":"publish","type":"page","link":"http:\/\/erfolg.lv\/?page_id=125&lang=lv","title":{"rendered":"<strong>PA\u0160APKALPO\u0160AN\u0100S VE\u013bAS MAZG\u0100TAVA<\/strong>"},"content":{"rendered":"\n<p>Pied\u0101v\u0101j\u0101m pa\u0161apkalpo\u0161anas ve\u013cas mazg\u0101tavas pakalpojumus Daugavpil\u012b. Pa\u0161apkalpo\u0161anas ve\u013cas mazg\u0101tava \u201eCopyWash\u201d t\u0101s ir:<\/p>\n\n\n\n<ul>\n<li>m\u016bsdien\u012bgas un uzticamas ve\u013cas mazg\u0101\u0161anas-\u017e\u0101v\u0113\u0161anas iek\u0101rtas;<\/li>\n\n\n\n<li>pie\u0146emamas cenas, 1 mazg\u0101\u0161anas reize l\u012bdz pat 10 kg par 5,00 EUR ar savu mazg\u0101\u0161anas l\u012bdzekli, par 6,00 EUR cen\u0101 ietilpst ve\u013cas mazg\u0101\u0161anas l\u012bdzek\u013ci, ve\u013cas \u017e\u0101v\u0113\u0161ana &#8212; 4,00 EUR;<\/li>\n\n\n\n<li>var mazg\u0101t liela izm\u0113ra lietas (pledus, lielas v\u0113jjakas, segas utt.);<\/li>\n\n\n\n<li>pateicoties m\u016bsdien\u012bgai un profesion\u0101lai tehnikai klients sa\u0146em kvalitat\u012bvi izmazg\u0101tu un iz\u017e\u0101v\u0113tu ve\u013cu;<\/li>\n\n\n\n<li>viens-divi un j\u016bsu dr\u0113bes ir sausas un t\u012bras jau p\u0113c 1 \u2013 1,5 h!<\/li>\n<\/ul>\n\n\n\n<p>Ir pieejams bezmaksas Wi-fi, ko var lietot, kam\u0113r J\u016bsu dr\u0113bes mazg\u0101j\u0101s!<\/p>\n\n\n\n<p>Ve\u013cas mazg\u0101tava str\u0101d\u0101 katru dienu no 9.00 l\u012bdz 17.00. Adrese: Mihoelsa iela-7, Daugavpils (Ieeja no pagalma puses).<\/p>\n\n\n\n<p>Pieraksts p\u0113c tel. 25912250<\/p>\n","protected":false},"excerpt":{"rendered":"<p>Pied\u0101v\u0101j\u0101m pa\u0161apkalpo\u0161anas ve\u013cas mazg\u0101tavas pakalpojumus Daugavpil\u012b. Pa\u0161apkalpo\u0161anas ve\u013cas mazg\u0101tava \u201eCopyWash\u201d t\u0101s ir: Ir pieejams bezmaksas Wi-fi, ko var lietot, kam\u0113r J\u016bsu dr\u0113bes mazg\u0101j\u0101s! Ve\u013cas mazg\u0101tava str\u0101d\u0101 katru dienu no 9.00 l\u012bdz 17.00. Adrese: Mihoelsa iela-7, Daugavpils (Ieeja no pagalma puses). Pieraksts p\u0113c tel. 25912250<\/p>\n","protected":false},"author":1,"featured_media":123,"parent":117,"menu_order":0,"comment_status":"closed","ping_status":"closed","template":"","meta":[],"_links":{"self":[{"href":"http:\/\/erfolg.lv\/index.php?rest_route=\/wp\/v2\/pages\/125"}],"collection":[{"href":"http:\/\/erfolg.lv\/index.php?rest_route=\/wp\/v2\/pages"}],"about":[{"href":"http:\/\/erfolg.lv\/index.php?rest_route=\/wp\/v2\/types\/page"}],"author":[{"embeddable":true,"href":"http:\/\/erfolg.lv\/index.php?rest_route=\/wp\/v2\/users\/1"}],"replies":[{"embeddable":true,"href":"http:\/\/erfolg.lv\/index.php?rest_route=%2Fwp%2Fv2%2Fcomments&post=125"}],"version-history":[{"count":2,"href":"http:\/\/erfolg.lv\/index.php?rest_route=\/wp\/v2\/pages\/125\/revisions"}],"predecessor-version":[{"id":1462,"href":"http:\/\/erfolg.lv\/index.php?rest_route=\/wp\/v2\/pages\/125\/revisions\/1462"}],"up":[{"embeddable":true,"href":"http:\/\/erfolg.lv\/index.php?rest_route=\/wp\/v2\/pages\/117"}],"wp:featuredmedia":[{"embeddable":true,"href":"http:\/\/erfolg.lv\/index.php?rest_route=\/wp\/v2\/media\/123"}],"wp:attachment":[{"href":"http:\/\/erfolg.lv\/index.php?rest_route=%2Fwp%2Fv2%2Fmedia&parent=125"}],"curies":[{"name":"wp","href":"https:\/\/api.w.org\/{rel}","templated":true}]}}