{"id":117,"date":"2023-05-01T21:48:48","date_gmt":"2023-05-01T21:48:48","guid":{"rendered":"http:\/\/erfolg.lv\/?page_id=117"},"modified":"2023-05-21T21:49:06","modified_gmt":"2023-05-21T21:49:06","slug":"pakalpojumi","status":"publish","type":"page","link":"http:\/\/erfolg.lv\/?page_id=117&lang=lv","title":{"rendered":"PAKALPOJUMI"},"content":{"rendered":"\n<p>Biedr\u012bba ERFOLG pied\u0101v\u0101<\/p>\n\n\n\n<ul>\n<li>rakstisk\u0101s tulko\u0161anas pakalpojumus no\/uz v\u0101cu, krievu, latvie\u0161u un ang\u013cu valod\u0101m.<\/li>\n\n\n\n<li><strong>PUBLISKAIS GR\u0100MATU SKAPIS<\/strong><\/li>\n\n\n\n<li><strong>PA\u0160APKALPO\u0160AN\u0100S VE\u013bAS MAZG\u0100TAVA<\/strong><\/li>\n<\/ul>\n","protected":false},"excerpt":{"rendered":"<p>Biedr\u012bba ERFOLG pied\u0101v\u0101<\/p>\n","protected":false},"author":1,"featured_media":0,"parent":0,"menu_order":0,"comment_status":"closed","ping_status":"closed","template":"","meta":[],"_links":{"self":[{"href":"http:\/\/erfolg.lv\/index.php?rest_route=\/wp\/v2\/pages\/117"}],"collection":[{"href":"http:\/\/erfolg.lv\/index.php?rest_route=\/wp\/v2\/pages"}],"about":[{"href":"http:\/\/erfolg.lv\/index.php?rest_route=\/wp\/v2\/types\/page"}],"author":[{"embeddable":true,"href":"http:\/\/erfolg.lv\/index.php?rest_route=\/wp\/v2\/users\/1"}],"replies":[{"embeddable":true,"href":"http:\/\/erfolg.lv\/index.php?rest_route=%2Fwp%2Fv2%2Fcomments&post=117"}],"version-history":[{"count":1,"href":"http:\/\/erfolg.lv\/index.php?rest_route=\/wp\/v2\/pages\/117\/revisions"}],"predecessor-version":[{"id":118,"href":"http:\/\/erfolg.lv\/index.php?rest_route=\/wp\/v2\/pages\/117\/revisions\/118"}],"wp:attachment":[{"href":"http:\/\/erfolg.lv\/index.php?rest_route=%2Fwp%2Fv2%2Fmedia&parent=117"}],"curies":[{"name":"wp","href":"https:\/\/api.w.org\/{rel}","templated":true}]}}